{"id":1862,"date":"2021-04-29T17:16:54","date_gmt":"2021-04-29T17:16:54","guid":{"rendered":"https:\/\/littleplay.com.mx\/academy\/?post_type=product&#038;p=1862"},"modified":"2024-12-06T14:30:32","modified_gmt":"2024-12-06T20:30:32","slug":"baby-prime","status":"publish","type":"product","link":"https:\/\/littleplay.com.mx\/academy\/producto\/baby-prime\/","title":{"rendered":"Baby PRIME"},"content":{"rendered":"<div class=\"elementor-column elementor-col-33 elementor-top-column elementor-element elementor-element-cdd4e1d\" data-id=\"cdd4e1d\" data-element_type=\"column\">\n<div class=\"elementor-column-wrap elementor-element-populated\">\n<div class=\"elementor-widget-wrap\">\n<div class=\"elementor-element elementor-element-d519ead elementor-widget elementor-widget-heading\" data-id=\"d519ead\" data-element_type=\"widget\" data-widget_type=\"heading.default\">\n<div class=\"elementor-widget-container\">\n<h6 class=\"elementor-heading-title elementor-size-default\">Convi\u00e9rtete en miembro BABY PRIME<\/h6>\n<\/div>\n<\/div>\n<div class=\"elementor-element elementor-element-669dd49 elementor-widget elementor-widget-heading\" data-id=\"669dd49\" data-element_type=\"widget\" data-widget_type=\"heading.default\">\n<div class=\"elementor-widget-container\">\n<h2 class=\"elementor-heading-title elementor-size-default\">\u00bfEn qu\u00e9 consiste?<\/h2>\n<\/div>\n<\/div>\n<\/div>\n<\/div>\n<\/div>\n<div class=\"elementor-column elementor-col-66 elementor-top-column elementor-element elementor-element-fb2a873\" data-id=\"fb2a873\" data-element_type=\"column\">\n<div class=\"elementor-column-wrap elementor-element-populated\">\n<div class=\"elementor-widget-wrap\">\n<div class=\"elementor-element elementor-element-f0f6d6a elementor-widget elementor-widget-text-editor\" data-id=\"f0f6d6a\" data-element_type=\"widget\" data-widget_type=\"text-editor.default\">\n<div class=\"elementor-widget-container\">\n<div class=\"elementor-text-editor elementor-clearfix\">\n<p>Es un plan de estimulaci\u00f3n temprana que te permite desarrollar las habilidades y destrezas de tu peque\u00f1o pues los planes est\u00e1n dise\u00f1ados de acuerdo a su etapa de crecimiento, los puedes realizar desde la comodidad de tu casa\u00a0y a tu propio ritmo<\/p>\n<section class=\"elementor-section elementor-top-section elementor-element elementor-element-c4b859d elementor-section-boxed elementor-section-height-default elementor-section-height-default\" data-id=\"c4b859d\" data-element_type=\"section\" data-settings=\"{&quot;background_background&quot;:&quot;classic&quot;}\">\n<div class=\"elementor-container elementor-column-gap-default\">\n<div class=\"elementor-row\">\n<div class=\"elementor-column elementor-col-100 elementor-top-column elementor-element elementor-element-2dd20dc\" data-id=\"2dd20dc\" data-element_type=\"column\">\n<div class=\"elementor-column-wrap elementor-element-populated\">\n<div class=\"elementor-widget-wrap\">\n<div class=\"elementor-element elementor-element-5ee6496 elementor-widget elementor-widget-heading\" data-id=\"5ee6496\" data-element_type=\"widget\" data-widget_type=\"heading.default\">\n<div class=\"elementor-widget-container\">\n<h2 class=\"elementor-heading-title elementor-size-default\">Planes dirigidos a peque\u00f1os de 0 a 6 a\u00f1os de edad.<\/h2>\n<p>&nbsp;<\/p>\n<p>INCLUYE:<\/p>\n<\/div>\n<\/div>\n<\/div>\n<\/div>\n<\/div>\n<\/div>\n<\/div>\n<\/section>\n<section class=\"elementor-section elementor-top-section elementor-element elementor-element-47725ea elementor-section-boxed elementor-section-height-default elementor-section-height-default\" data-id=\"47725ea\" data-element_type=\"section\" data-settings=\"{&quot;background_background&quot;:&quot;classic&quot;}\">\n<div class=\"elementor-container elementor-column-gap-no\">\n<div class=\"elementor-row\">\n<div class=\"elementor-column elementor-col-33 elementor-top-column elementor-element elementor-element-75c2ec1\" data-id=\"75c2ec1\" data-element_type=\"column\" data-settings=\"{&quot;background_background&quot;:&quot;classic&quot;}\">\n<div class=\"elementor-column-wrap elementor-element-populated\">\n<div class=\"elementor-widget-wrap\">\n<div class=\"elementor-widget-container\">\n<ul class=\"elementor-icon-list-items\">\n<li class=\"elementor-icon-list-item\"><span class=\"elementor-icon-list-text\">Manual de Actividades PDF<\/span><\/li>\n<li class=\"elementor-icon-list-item\"><span class=\"elementor-icon-list-text\">Acceso a un video manual de seguimiento de actividades<\/span><\/li>\n<li class=\"elementor-icon-list-item\"><span class=\"elementor-icon-list-text\">Una videollamada mensual\u00a0<\/span><\/li>\n<li class=\"elementor-icon-list-item\"><span class=\"elementor-icon-list-text\">Asistencia v\u00eda WhatsApp por profesionales<\/span><\/li>\n<li class=\"elementor-icon-list-item\"><span class=\"elementor-icon-list-text\">Descuentos exclusivos en asesor\u00edas individuales y talleres<\/span><\/li>\n<\/ul>\n<\/div>\n<\/div>\n<\/div>\n<\/div>\n<\/div>\n<\/div>\n<\/section>\n<\/div>\n<\/div>\n<\/div>\n<\/div>\n<\/div>\n<\/div>\n<p>&nbsp;<\/p>\n<div id=\"WRWHOISInstalled\" style=\"display: none;\"><\/div>\n<p>Los cargos se realizan directamente con la vinculaci\u00f3n de tu cuenta de PayPal de manera autom\u00e1tica, no es necesario que cuentes con una cuenta aperturada al momento de adquirirlo se apertura de inmediato y puedes cancelarlo directamente en tu cuenta de PayPal en el momento que t\u00fa lo desees. Una vez aprobada tu solicitud de suscripci\u00f3n revisa tu correo electr\u00f3nico en los pr\u00f3ximos minutos ya que uno de nuestros asesores te enviara cada mes el acceso a la secci\u00f3n correspondiente si tienes m\u00e1s dudas contacta a uno de nuestros asesores<\/p>\n<div id=\"WRWHOISInstalled\" style=\"display: none;\"><\/div>\n<p>&nbsp;<\/p>\n<div id=\"WRWHOISInstalled\" style=\"display: none;\"><\/div>\n<p>&nbsp;<\/p>\n<div id=\"WRWHOISInstalled\" style=\"display: none;\"><\/div>\n<p>&nbsp;<\/p>\n<div id=\"WRWHOISInstalled\" style=\"display: none;\"><\/div>\n","protected":false},"excerpt":{"rendered":"<section class=\"elementor-section elementor-top-section elementor-element elementor-element-d9367c0 elementor-section-content-middle elementor-section-boxed elementor-section-height-default elementor-section-height-default\" data-id=\"d9367c0\" data-element_type=\"section\">\n<div class=\"elementor-container elementor-column-gap-no\">\n<div class=\"elementor-row\">\n<div class=\"elementor-column elementor-col-66 elementor-top-column elementor-element elementor-element-fb2a873\" data-id=\"fb2a873\" data-element_type=\"column\">\n<div class=\"elementor-column-wrap elementor-element-populated\">\n<div class=\"elementor-widget-wrap\">\n<div class=\"elementor-element elementor-element-f0f6d6a elementor-widget elementor-widget-text-editor\" data-id=\"f0f6d6a\" data-element_type=\"widget\" data-widget_type=\"text-editor.default\">\n<div class=\"elementor-widget-container\">\n<div class=\"elementor-text-editor elementor-clearfix\">\n<p>Es un plan de estimulaci\u00f3n temprana que te permite desarrollar las habilidades y destrezas de tu peque\u00f1o pues los planes est\u00e1n dise\u00f1ados de acuerdo a su etapa de crecimiento, los puedes realizar desde la comodidad de tu casa y a tu propio ritmo<\/p>\n<\/div>\n<\/div>\n<\/div>\n<\/div>\n<\/div>\n<\/div>\n<\/div>\n<\/div>\n<\/section>\n<div id=\"WRWHOISInstalled\" style=\"display: none;\"><\/div>\n<p>&nbsp;<\/p>\n<div id=\"WRWHOISInstalled\" style=\"display: none;\"><\/div>\n<p>&nbsp;<\/p>\n<div id=\"WRWHOISInstalled\" style=\"display: none;\"><\/div>\n<p>&nbsp;<\/p>\n<div id=\"WRWHOISInstalled\" style=\"display: none;\"><\/div>\n<p>&nbsp;<\/p>\n<div id=\"WRWHOISInstalled\" style=\"display: none;\"><\/div>\n<p>&nbsp;<\/p>\n<div id=\"WRWHOISInstalled\" style=\"display: none;\"><\/div>\n<p>&nbsp;<\/p>\n<div id=\"WRWHOISInstalled\" style=\"display: none;\"><\/div>\n<p>&nbsp;<\/p>\n<div id=\"WRWHOISInstalled\" style=\"display: none;\"><\/div>\n<p>&nbsp;<\/p>\n<div id=\"WRWHOISInstalled\" style=\"display: none;\"><\/div>\n<p>&nbsp;<\/p>\n<div id=\"WRWHOISInstalled\" style=\"display: none;\"><\/div>\n<p>&nbsp;<\/p>\n<div id=\"WRWHOISInstalled\" style=\"display: none;\"><\/div>\n<p>&nbsp;<\/p>\n<div id=\"WRWHOISInstalled\" style=\"display: none;\"><\/div>\n","protected":false},"featured_media":2643,"comment_status":"open","ping_status":"closed","template":"","meta":{"site-sidebar-layout":"default","site-content-layout":"default","ast-site-content-layout":"","site-content-style":"default","site-sidebar-style":"default","ast-global-header-display":"","ast-banner-title-visibility":"","ast-main-header-display":"","ast-hfb-above-header-display":"","ast-hfb-below-header-display":"","ast-hfb-mobile-header-display":"","site-post-title":"","ast-breadcrumbs-content":"","ast-featured-img":"","footer-sml-layout":"","theme-transparent-header-meta":"default","adv-header-id-meta":"","stick-header-meta":"default","header-above-stick-meta":"","header-main-stick-meta":"","header-below-stick-meta":"","astra-migrate-meta-layouts":"default","ast-page-background-enabled":"default","ast-page-background-meta":{"desktop":{"background-color":"","background-image":"","background-repeat":"repeat","background-position":"center center","background-size":"auto","background-attachment":"scroll","background-type":"","background-media":"","overlay-type":"","overlay-color":"","overlay-opacity":"","overlay-gradient":""},"tablet":{"background-color":"","background-image":"","background-repeat":"repeat","background-position":"center center","background-size":"auto","background-attachment":"scroll","background-type":"","background-media":"","overlay-type":"","overlay-color":"","overlay-opacity":"","overlay-gradient":""},"mobile":{"background-color":"","background-image":"","background-repeat":"repeat","background-position":"center center","background-size":"auto","background-attachment":"scroll","background-type":"","background-media":"","overlay-type":"","overlay-color":"","overlay-opacity":"","overlay-gradient":""}},"ast-content-background-meta":{"desktop":{"background-color":"var(--ast-global-color-5)","background-image":"","background-repeat":"repeat","background-position":"center center","background-size":"auto","background-attachment":"scroll","background-type":"","background-media":"","overlay-type":"","overlay-color":"","overlay-opacity":"","overlay-gradient":""},"tablet":{"background-color":"var(--ast-global-color-5)","background-image":"","background-repeat":"repeat","background-position":"center center","background-size":"auto","background-attachment":"scroll","background-type":"","background-media":"","overlay-type":"","overlay-color":"","overlay-opacity":"","overlay-gradient":""},"mobile":{"background-color":"var(--ast-global-color-5)","background-image":"","background-repeat":"repeat","background-position":"center center","background-size":"auto","background-attachment":"scroll","background-type":"","background-media":"","overlay-type":"","overlay-color":"","overlay-opacity":"","overlay-gradient":""}}},"product_brand":[],"product_cat":[33],"product_tag":[30,35,34],"class_list":{"0":"post-1862","1":"product","2":"type-product","3":"status-publish","4":"has-post-thumbnail","6":"product_cat-planes","7":"product_tag-estimulacion-temprana","8":"product_tag-manual","9":"product_tag-prime","10":"desktop-align-left","11":"tablet-align-left","12":"mobile-align-left","13":"ast-product-gallery-layout-horizontal-slider","14":"ast-product-gallery-with-no-image","15":"ast-product-tabs-layout-horizontal","17":"first","18":"instock","19":"sale","20":"virtual","21":"purchasable","22":"product-type-simple"},"yoast_head":"<!-- This site is optimized with the Yoast SEO Premium plugin v16.0.2 - https:\/\/yoast.com\/wordpress\/plugins\/seo\/ -->\n<title>Baby PRIME - PLANES DE ESTIMULACION TEMPRANA<\/title>\n<link rel=\"canonical\" href=\"https:\/\/littleplay.com.mx\/academy\/producto\/baby-prime\/\" \/>\n<meta property=\"og:locale\" content=\"es_ES\" \/>\n<meta property=\"og:type\" content=\"article\" \/>\n<meta property=\"og:title\" content=\"Baby PRIME - PLANES DE ESTIMULACION TEMPRANA\" \/>\n<meta property=\"og:description\" content=\"Es un plan de estimulaci\u00f3n temprana que te permite desarrollar las habilidades y destrezas de tu peque\u00f1o pues los planes est\u00e1n dise\u00f1ados de acuerdo a su etapa de crecimiento, los puedes realizar desde la comodidad de tu casa y a tu propio ritmo            &nbsp;  &nbsp;  &nbsp;  &nbsp;  &nbsp;  &nbsp;  &nbsp;  &nbsp;  &nbsp;  &nbsp;  &nbsp;\" \/>\n<meta property=\"og:url\" content=\"https:\/\/littleplay.com.mx\/academy\/producto\/baby-prime\/\" \/>\n<meta property=\"og:site_name\" content=\"Escuela para padres y cursos en l\u00ednea de maternidad de estimulaci\u00f3n temprana para bebes y ni\u00f1os\" \/>\n<meta property=\"article:modified_time\" content=\"2024-12-06T20:30:32+00:00\" \/>\n<meta property=\"og:image\" content=\"https:\/\/littleplay.com.mx\/academy\/wp-content\/uploads\/2021\/04\/BABY-PRIME-1.jpg\" \/>\n\t<meta property=\"og:image:width\" content=\"1000\" \/>\n\t<meta property=\"og:image:height\" content=\"665\" \/>\n<meta name=\"twitter:card\" content=\"summary_large_image\" \/>\n<meta name=\"twitter:label1\" content=\"Tiempo de lectura\">\n\t<meta name=\"twitter:data1\" content=\"1 minuto\">\n<script type=\"application\/ld+json\" class=\"yoast-schema-graph\">{\"@context\":\"https:\/\/schema.org\",\"@graph\":[{\"@type\":\"WebSite\",\"@id\":\"https:\/\/littleplay.com.mx\/academy\/#website\",\"url\":\"https:\/\/littleplay.com.mx\/academy\/\",\"name\":\"Escuela para padres y cursos en l\\u00ednea de maternidad de estimulaci\\u00f3n temprana para bebes y ni\\u00f1os\",\"description\":\"escuela de maternidad y estimulaci\\u00f3n temprana online, cursos talleres y asesorias en linea\",\"potentialAction\":[{\"@type\":\"SearchAction\",\"target\":\"https:\/\/littleplay.com.mx\/academy\/?s={search_term_string}\",\"query-input\":\"required name=search_term_string\"}],\"inLanguage\":\"es\"},{\"@type\":\"ImageObject\",\"@id\":\"https:\/\/littleplay.com.mx\/academy\/producto\/baby-prime\/#primaryimage\",\"inLanguage\":\"es\",\"url\":\"https:\/\/littleplay.com.mx\/academy\/wp-content\/uploads\/2021\/04\/BABY-PRIME-1.jpg\",\"width\":1000,\"height\":665},{\"@type\":\"WebPage\",\"@id\":\"https:\/\/littleplay.com.mx\/academy\/producto\/baby-prime\/#webpage\",\"url\":\"https:\/\/littleplay.com.mx\/academy\/producto\/baby-prime\/\",\"name\":\"Baby PRIME - PLANES DE ESTIMULACION TEMPRANA\",\"isPartOf\":{\"@id\":\"https:\/\/littleplay.com.mx\/academy\/#website\"},\"primaryImageOfPage\":{\"@id\":\"https:\/\/littleplay.com.mx\/academy\/producto\/baby-prime\/#primaryimage\"},\"datePublished\":\"2021-04-29T17:16:54+00:00\",\"dateModified\":\"2024-12-06T20:30:32+00:00\",\"breadcrumb\":{\"@id\":\"https:\/\/littleplay.com.mx\/academy\/producto\/baby-prime\/#breadcrumb\"},\"inLanguage\":\"es\",\"potentialAction\":[{\"@type\":\"ReadAction\",\"target\":[\"https:\/\/littleplay.com.mx\/academy\/producto\/baby-prime\/\"]}]},{\"@type\":\"BreadcrumbList\",\"@id\":\"https:\/\/littleplay.com.mx\/academy\/producto\/baby-prime\/#breadcrumb\",\"itemListElement\":[{\"@type\":\"ListItem\",\"position\":1,\"item\":{\"@type\":\"WebPage\",\"@id\":\"https:\/\/littleplay.com.mx\/academy\/\",\"url\":\"https:\/\/littleplay.com.mx\/academy\/\",\"name\":\"Home\"}},{\"@type\":\"ListItem\",\"position\":2,\"item\":{\"@type\":\"WebPage\",\"@id\":\"https:\/\/littleplay.com.mx\/academy\/shop\/\",\"url\":\"https:\/\/littleplay.com.mx\/academy\/shop\/\",\"name\":\"Shop\"}},{\"@type\":\"ListItem\",\"position\":3,\"item\":{\"@type\":\"WebPage\",\"@id\":\"https:\/\/littleplay.com.mx\/academy\/producto\/baby-prime\/\",\"url\":\"https:\/\/littleplay.com.mx\/academy\/producto\/baby-prime\/\",\"name\":\"Baby PRIME\"}}]}]}<\/script>\n<!-- \/ Yoast SEO Premium plugin. -->","_links":{"self":[{"href":"https:\/\/littleplay.com.mx\/academy\/wp-json\/wp\/v2\/product\/1862","targetHints":{"allow":["GET"]}}],"collection":[{"href":"https:\/\/littleplay.com.mx\/academy\/wp-json\/wp\/v2\/product"}],"about":[{"href":"https:\/\/littleplay.com.mx\/academy\/wp-json\/wp\/v2\/types\/product"}],"replies":[{"embeddable":true,"href":"https:\/\/littleplay.com.mx\/academy\/wp-json\/wp\/v2\/comments?post=1862"}],"version-history":[{"count":3,"href":"https:\/\/littleplay.com.mx\/academy\/wp-json\/wp\/v2\/product\/1862\/revisions"}],"predecessor-version":[{"id":5929,"href":"https:\/\/littleplay.com.mx\/academy\/wp-json\/wp\/v2\/product\/1862\/revisions\/5929"}],"wp:featuredmedia":[{"embeddable":true,"href":"https:\/\/littleplay.com.mx\/academy\/wp-json\/wp\/v2\/media\/2643"}],"wp:attachment":[{"href":"https:\/\/littleplay.com.mx\/academy\/wp-json\/wp\/v2\/media?parent=1862"}],"wp:term":[{"taxonomy":"product_brand","embeddable":true,"href":"https:\/\/littleplay.com.mx\/academy\/wp-json\/wp\/v2\/product_brand?post=1862"},{"taxonomy":"product_cat","embeddable":true,"href":"https:\/\/littleplay.com.mx\/academy\/wp-json\/wp\/v2\/product_cat?post=1862"},{"taxonomy":"product_tag","embeddable":true,"href":"https:\/\/littleplay.com.mx\/academy\/wp-json\/wp\/v2\/product_tag?post=1862"}],"curies":[{"name":"wp","href":"https:\/\/api.w.org\/{rel}","templated":true}]}}