{"id":2477,"date":"2021-04-27T18:36:15","date_gmt":"2021-04-27T18:36:15","guid":{"rendered":"https:\/\/littleplay.com.mx\/academy\/?post_type=product&#038;p=2477"},"modified":"2025-07-23T14:20:57","modified_gmt":"2025-07-23T20:20:57","slug":"terapias-de-estimulacion-temprana","status":"publish","type":"product","link":"https:\/\/littleplay.com.mx\/academy\/producto\/terapias-de-estimulacion-temprana\/","title":{"rendered":"Terapias De Estimulaci\u00f3n Temprana"},"content":{"rendered":"<h1>Terapias De Estimulaci\u00f3n Temprana<\/h1>\n<p>Dentro de la sesi\u00f3n realizamos una evaluaci\u00f3n para poder dise\u00f1ar un programa espec\u00edfico para tu peque\u00f1o, en base a su edad, intereses y necesidades, y te entregamos un informe con los objetivos que se trabajaran durante la sesi\u00f3n.<\/p>\n<blockquote><p>Dirigido a peque\u00f1os con alguna alteraci\u00f3n en el desarrollo S\u00edndrome Down, Autismo, Asperger, Beb\u00e9s prematuros.<\/p><\/blockquote>\n<p>Cancelaciones<br \/>\nUna vez realizado su pago confirmado y habiendo agendado su cita es responsabilidad del usuario estar en tiempo y forma en la fecha y hora acordada con el profesional, en caso de no asistir no habr\u00e1 devoluciones ni reembolsos.<\/p>\n<p>Puedes cancelar o reprogramar tu sesi\u00f3n, \u00fanicamente s\u00ed lo realizas v\u00eda correo electr\u00f3nico al correo littleplay.contacto@gmail.com con un m\u00ednimo de 24hrs de anticipaci\u00f3n.<\/p>\n<p>Para poder agendar tu cita con tu terapeuta confirma la disponibilidad y agenda en el siguiente enlace<\/p>\n<p>&nbsp;<\/p>\n<div id=\"WRWHOISInstalled\" style=\"display: none;\"><\/div>\n<p>&nbsp;<\/p>\n<div id=\"WRWHOISInstalled\" style=\"display: none;\"><\/div>\n","protected":false},"excerpt":{"rendered":"<p>Dentro de la sesi\u00f3n realizamos una evaluaci\u00f3n para poder dise\u00f1ar un programa espec\u00edfico para tu peque\u00f1o<\/p>\n<p>&nbsp;<\/p>\n<div id=\"WRWHOISInstalled\" style=\"display: none;\"><\/div>\n<p>&nbsp;<\/p>\n<div id=\"WRWHOISInstalled\" style=\"display: none;\"><\/div>\n","protected":false},"featured_media":3421,"comment_status":"open","ping_status":"closed","template":"","meta":{"site-sidebar-layout":"default","site-content-layout":"default","ast-site-content-layout":"default","site-content-style":"default","site-sidebar-style":"default","ast-global-header-display":"","ast-banner-title-visibility":"","ast-main-header-display":"","ast-hfb-above-header-display":"","ast-hfb-below-header-display":"","ast-hfb-mobile-header-display":"","site-post-title":"","ast-breadcrumbs-content":"","ast-featured-img":"","footer-sml-layout":"","theme-transparent-header-meta":"default","adv-header-id-meta":"","stick-header-meta":"default","header-above-stick-meta":"","header-main-stick-meta":"","header-below-stick-meta":"","astra-migrate-meta-layouts":"set","ast-page-background-enabled":"default","ast-page-background-meta":{"desktop":{"background-color":"","background-image":"","background-repeat":"repeat","background-position":"center center","background-size":"auto","background-attachment":"scroll","background-type":"","background-media":"","overlay-type":"","overlay-color":"","overlay-opacity":"","overlay-gradient":""},"tablet":{"background-color":"","background-image":"","background-repeat":"repeat","background-position":"center center","background-size":"auto","background-attachment":"scroll","background-type":"","background-media":"","overlay-type":"","overlay-color":"","overlay-opacity":"","overlay-gradient":""},"mobile":{"background-color":"","background-image":"","background-repeat":"repeat","background-position":"center center","background-size":"auto","background-attachment":"scroll","background-type":"","background-media":"","overlay-type":"","overlay-color":"","overlay-opacity":"","overlay-gradient":""}},"ast-content-background-meta":{"desktop":{"background-color":"var(--ast-global-color-5)","background-image":"","background-repeat":"repeat","background-position":"center center","background-size":"auto","background-attachment":"scroll","background-type":"","background-media":"","overlay-type":"","overlay-color":"","overlay-opacity":"","overlay-gradient":""},"tablet":{"background-color":"var(--ast-global-color-5)","background-image":"","background-repeat":"repeat","background-position":"center center","background-size":"auto","background-attachment":"scroll","background-type":"","background-media":"","overlay-type":"","overlay-color":"","overlay-opacity":"","overlay-gradient":""},"mobile":{"background-color":"var(--ast-global-color-5)","background-image":"","background-repeat":"repeat","background-position":"center center","background-size":"auto","background-attachment":"scroll","background-type":"","background-media":"","overlay-type":"","overlay-color":"","overlay-opacity":"","overlay-gradient":""}}},"product_brand":[],"product_cat":[27],"product_tag":[28],"class_list":{"0":"post-2477","1":"product","2":"type-product","3":"status-publish","4":"has-post-thumbnail","6":"product_cat-terapia-individual","7":"product_tag-intervencion-temprana","8":"desktop-align-left","9":"tablet-align-left","10":"mobile-align-left","11":"ast-product-gallery-layout-horizontal-slider","12":"ast-product-tabs-layout-horizontal","14":"first","15":"instock","16":"virtual","17":"purchasable","18":"product-type-simple"},"yoast_head":"<!-- This site is optimized with the Yoast SEO Premium plugin v16.0.2 - https:\/\/yoast.com\/wordpress\/plugins\/seo\/ -->\n<title>Terapias De Estimulaci\u00f3n Temprana - Escuela para padres y cursos en l\u00ednea de maternidad de estimulaci\u00f3n temprana para bebes y ni\u00f1os<\/title>\n<link rel=\"canonical\" href=\"https:\/\/littleplay.com.mx\/academy\/producto\/terapias-de-estimulacion-temprana\/\" \/>\n<meta property=\"og:locale\" content=\"es_ES\" \/>\n<meta property=\"og:type\" content=\"article\" \/>\n<meta property=\"og:title\" content=\"Terapias De Estimulaci\u00f3n Temprana - Escuela para padres y cursos en l\u00ednea de maternidad de estimulaci\u00f3n temprana para bebes y ni\u00f1os\" \/>\n<meta property=\"og:description\" content=\"Dentro de la sesi\u00f3n realizamos una evaluaci\u00f3n para poder dise\u00f1ar un programa espec\u00edfico para tu peque\u00f1o  &nbsp;  &nbsp;\" \/>\n<meta property=\"og:url\" content=\"https:\/\/littleplay.com.mx\/academy\/producto\/terapias-de-estimulacion-temprana\/\" \/>\n<meta property=\"og:site_name\" content=\"Escuela para padres y cursos en l\u00ednea de maternidad de estimulaci\u00f3n temprana para bebes y ni\u00f1os\" \/>\n<meta property=\"article:modified_time\" content=\"2025-07-23T20:20:57+00:00\" \/>\n<meta property=\"og:image\" content=\"https:\/\/littleplay.com.mx\/academy\/wp-content\/uploads\/2022\/09\/ESTIMULACION-TEMPRANA-EN-TOLUCA.jpg\" \/>\n\t<meta property=\"og:image:width\" content=\"1600\" \/>\n\t<meta property=\"og:image:height\" content=\"1067\" \/>\n<meta name=\"twitter:card\" content=\"summary_large_image\" \/>\n<meta name=\"twitter:label1\" content=\"Tiempo de lectura\">\n\t<meta name=\"twitter:data1\" content=\"1 minuto\">\n<script type=\"application\/ld+json\" class=\"yoast-schema-graph\">{\"@context\":\"https:\/\/schema.org\",\"@graph\":[{\"@type\":\"WebSite\",\"@id\":\"https:\/\/littleplay.com.mx\/academy\/#website\",\"url\":\"https:\/\/littleplay.com.mx\/academy\/\",\"name\":\"Escuela para padres y cursos en l\\u00ednea de maternidad de estimulaci\\u00f3n temprana para bebes y ni\\u00f1os\",\"description\":\"escuela de maternidad y estimulaci\\u00f3n temprana online, cursos talleres y asesorias en linea\",\"potentialAction\":[{\"@type\":\"SearchAction\",\"target\":\"https:\/\/littleplay.com.mx\/academy\/?s={search_term_string}\",\"query-input\":\"required name=search_term_string\"}],\"inLanguage\":\"es\"},{\"@type\":\"ImageObject\",\"@id\":\"https:\/\/littleplay.com.mx\/academy\/producto\/terapias-de-estimulacion-temprana\/#primaryimage\",\"inLanguage\":\"es\",\"url\":\"https:\/\/littleplay.com.mx\/academy\/wp-content\/uploads\/2022\/09\/ESTIMULACION-TEMPRANA-EN-TOLUCA.jpg\",\"width\":1600,\"height\":1067},{\"@type\":\"WebPage\",\"@id\":\"https:\/\/littleplay.com.mx\/academy\/producto\/terapias-de-estimulacion-temprana\/#webpage\",\"url\":\"https:\/\/littleplay.com.mx\/academy\/producto\/terapias-de-estimulacion-temprana\/\",\"name\":\"Terapias De Estimulaci\\u00f3n Temprana - Escuela para padres y cursos en l\\u00ednea de maternidad de estimulaci\\u00f3n temprana para bebes y ni\\u00f1os\",\"isPartOf\":{\"@id\":\"https:\/\/littleplay.com.mx\/academy\/#website\"},\"primaryImageOfPage\":{\"@id\":\"https:\/\/littleplay.com.mx\/academy\/producto\/terapias-de-estimulacion-temprana\/#primaryimage\"},\"datePublished\":\"2021-04-27T18:36:15+00:00\",\"dateModified\":\"2025-07-23T20:20:57+00:00\",\"breadcrumb\":{\"@id\":\"https:\/\/littleplay.com.mx\/academy\/producto\/terapias-de-estimulacion-temprana\/#breadcrumb\"},\"inLanguage\":\"es\",\"potentialAction\":[{\"@type\":\"ReadAction\",\"target\":[\"https:\/\/littleplay.com.mx\/academy\/producto\/terapias-de-estimulacion-temprana\/\"]}]},{\"@type\":\"BreadcrumbList\",\"@id\":\"https:\/\/littleplay.com.mx\/academy\/producto\/terapias-de-estimulacion-temprana\/#breadcrumb\",\"itemListElement\":[{\"@type\":\"ListItem\",\"position\":1,\"item\":{\"@type\":\"WebPage\",\"@id\":\"https:\/\/littleplay.com.mx\/academy\/\",\"url\":\"https:\/\/littleplay.com.mx\/academy\/\",\"name\":\"Home\"}},{\"@type\":\"ListItem\",\"position\":2,\"item\":{\"@type\":\"WebPage\",\"@id\":\"https:\/\/littleplay.com.mx\/academy\/shop\/\",\"url\":\"https:\/\/littleplay.com.mx\/academy\/shop\/\",\"name\":\"Shop\"}},{\"@type\":\"ListItem\",\"position\":3,\"item\":{\"@type\":\"WebPage\",\"@id\":\"https:\/\/littleplay.com.mx\/academy\/producto\/terapias-de-estimulacion-temprana\/\",\"url\":\"https:\/\/littleplay.com.mx\/academy\/producto\/terapias-de-estimulacion-temprana\/\",\"name\":\"Terapias De Estimulaci\\u00f3n Temprana\"}}]}]}<\/script>\n<!-- \/ Yoast SEO Premium plugin. -->","_links":{"self":[{"href":"https:\/\/littleplay.com.mx\/academy\/wp-json\/wp\/v2\/product\/2477","targetHints":{"allow":["GET"]}}],"collection":[{"href":"https:\/\/littleplay.com.mx\/academy\/wp-json\/wp\/v2\/product"}],"about":[{"href":"https:\/\/littleplay.com.mx\/academy\/wp-json\/wp\/v2\/types\/product"}],"replies":[{"embeddable":true,"href":"https:\/\/littleplay.com.mx\/academy\/wp-json\/wp\/v2\/comments?post=2477"}],"version-history":[{"count":3,"href":"https:\/\/littleplay.com.mx\/academy\/wp-json\/wp\/v2\/product\/2477\/revisions"}],"predecessor-version":[{"id":4386,"href":"https:\/\/littleplay.com.mx\/academy\/wp-json\/wp\/v2\/product\/2477\/revisions\/4386"}],"wp:featuredmedia":[{"embeddable":true,"href":"https:\/\/littleplay.com.mx\/academy\/wp-json\/wp\/v2\/media\/3421"}],"wp:attachment":[{"href":"https:\/\/littleplay.com.mx\/academy\/wp-json\/wp\/v2\/media?parent=2477"}],"wp:term":[{"taxonomy":"product_brand","embeddable":true,"href":"https:\/\/littleplay.com.mx\/academy\/wp-json\/wp\/v2\/product_brand?post=2477"},{"taxonomy":"product_cat","embeddable":true,"href":"https:\/\/littleplay.com.mx\/academy\/wp-json\/wp\/v2\/product_cat?post=2477"},{"taxonomy":"product_tag","embeddable":true,"href":"https:\/\/littleplay.com.mx\/academy\/wp-json\/wp\/v2\/product_tag?post=2477"}],"curies":[{"name":"wp","href":"https:\/\/api.w.org\/{rel}","templated":true}]}}