{"id":2670,"date":"2021-05-01T19:52:25","date_gmt":"2021-05-01T19:52:25","guid":{"rendered":"https:\/\/littleplay.com.mx\/academy\/?post_type=product&#038;p=2670"},"modified":"2025-07-23T14:18:36","modified_gmt":"2025-07-23T20:18:36","slug":"cargo-automatico-mensual-sesiones-de-estimulacion-temprana","status":"publish","type":"product","link":"https:\/\/littleplay.com.mx\/academy\/producto\/cargo-automatico-mensual-sesiones-de-estimulacion-temprana\/","title":{"rendered":"Cargo Autom\u00e1tico (mensual) SESIONES DE ESTIMULACI\u00d3N TEMPRANA"},"content":{"rendered":"<div class=\"elementor-element elementor-element-2677497b elementor-widget elementor-widget-heading\" data-id=\"2677497b\" data-element_type=\"widget\" data-widget_type=\"heading.default\">\n<div class=\"elementor-widget-container\">\n<h1>SESIONES DE ESTIMULACI\u00d3N TEMPRANA ONLINE<\/h1>\n<h3 class=\"elementor-heading-title elementor-size-default\">Beneficios<\/h3>\n<\/div>\n<\/div>\n<div class=\"elementor-element elementor-element-49a27630 elementor-widget elementor-widget-text-editor\" data-id=\"49a27630\" data-element_type=\"widget\" data-widget_type=\"text-editor.default\">\n<div class=\"elementor-widget-container\">\n<div class=\"elementor-text-editor elementor-clearfix\">\n<div>Las sesiones de Estimulaci\u00f3n temprana tienen grandes beneficios entre ellos:<\/div>\n<div>\u2022 Beb\u00e9s m\u00e1s relajados<br \/>\n\u2022 Mejor autoestima y grado de autonom\u00eda<br \/>\n\u2022 Capacidad de fijar atenci\u00f3n<br \/>\n\u2022 Correcci\u00f3n de posibles d\u00e9ficits en el desarrollo<br \/>\n\u2022 Mejor procesamiento de la informaci\u00f3n adaptaci\u00f3n y manejo del entorno.<\/div>\n<div><\/div>\n<div>\n<div>Una vez realizado tu pago agenda la cita con el terapeuta y revisa la disponibilidad una vez realizado tu pago mantente en contacto con alguno de nuestros asesores para poder agendar asignarte a uno de nuestros grupos y revisa el calendario de las fechas pr\u00f3ximas de sesi\u00f3n:<\/div>\n<div>\u2022 Motriz<\/div>\n<div>\u2022 Cognitivo<\/div>\n<div>\u2022 Lenguaje<\/div>\n<div>\u2022 Sensorial<\/div>\n<div>\u2022 Socioafectiva<\/div>\n<\/div>\n<div class=\"elementor-element elementor-element-62a1ac elementor-widget elementor-widget-heading\" data-id=\"62a1ac\" data-element_type=\"widget\" data-widget_type=\"heading.default\">\n<div class=\"elementor-widget-container\">\n<h3 class=\"elementor-heading-title elementor-size-default\">Como son?<\/h3>\n<\/div>\n<\/div>\n<div class=\"elementor-element elementor-element-ffd7fe8 elementor-widget elementor-widget-text-editor\" data-id=\"ffd7fe8\" data-element_type=\"widget\" data-widget_type=\"text-editor.default\">\n<div class=\"elementor-widget-container\">\n<div class=\"elementor-text-editor elementor-clearfix\">\n<p>Nuestros expertos te ense\u00f1ar\u00e1n ejercicios para estimular a tu beb\u00e9 en casa.<br \/>\nDirigidas: beb\u00e9s desde el nacimiento hasta los 3 a\u00f1os<br \/>\nModalidad: online por Zoom<br \/>\nIndividual<br \/>\nDuraci\u00f3n: 4 clases al mes de 45 min cada una<\/p>\n<p>Recomendaciones: para poder aprovechar la sesi\u00f3n al m\u00e1ximo te recomendamos elegir un horario en el que t\u00fa beb\u00e9 se encuentre despierto y que haya pasado al menos 1 hora de su \u00faltima comida.<br \/>\nImportante: Una vez inscrito te haremos llegar cada sesi\u00f3n v\u00eda WhatsApp una lista de materiales. Estado tu pago una vez realizado tu pago revisa la agenda y ponte en contacto con uno de nuestros asesores para estar al pendiente del inicio de las sesiones<\/p>\n<\/div>\n<\/div>\n<\/div>\n<\/div>\n<\/div>\n<\/div>\n<p>&nbsp;<\/p>\n<div id=\"WRWHOISInstalled\" style=\"display: none;\"><\/div>\n<div id=\"WRWHOISInstalled\" style=\"display: none;\"><\/div>\n<div id=\"WRWHOISInstalled\" style=\"display: none;\"><\/div>\n<div id=\"WRWHOISInstalled\" style=\"display: none;\"><\/div>\n<div id=\"WRWHOISInstalled\" style=\"display: none;\"><\/div>\n","protected":false},"excerpt":{"rendered":"<p>Potencia el desarrollo integral de tu beb\u00e9 a trav\u00e9s de nuestras sesiones de Estimulaci\u00f3n Temprana donde te ofrecemos un plan adecuado para su edad en donde trabajaremos las 5 \u00e1reas del desarrollo una vez realizado tu pago agenda la cita con el terapeuta y revisa la disponibilidad una vez realizado tu pago mantente en contacto con alguno de nuestros asesores para poder agendar asignarte a uno de nuestros grupos y revisa el calendario de las fechas pr\u00f3ximas de sesi\u00f3n estado tu pago una vez realizado tu pago revisa la agenda y ponte en contacto con uno de nuestros asesores para estar al pendiente del inicio de las sesiones<\/p>\n<p>&nbsp;<\/p>\n<div id=\"WRWHOISInstalled\" style=\"display: none;\"><\/div>\n<div id=\"WRWHOISInstalled\" style=\"display: none;\"><\/div>\n<div id=\"WRWHOISInstalled\" style=\"display: none;\"><\/div>\n<div id=\"WRWHOISInstalled\" style=\"display: none;\"><\/div>\n<div id=\"WRWHOISInstalled\" style=\"display: none;\"><\/div>\n","protected":false},"featured_media":2671,"comment_status":"open","ping_status":"closed","template":"","meta":{"site-sidebar-layout":"default","site-content-layout":"default","ast-site-content-layout":"default","site-content-style":"default","site-sidebar-style":"default","ast-global-header-display":"","ast-banner-title-visibility":"","ast-main-header-display":"","ast-hfb-above-header-display":"","ast-hfb-below-header-display":"","ast-hfb-mobile-header-display":"","site-post-title":"","ast-breadcrumbs-content":"","ast-featured-img":"","footer-sml-layout":"","theme-transparent-header-meta":"default","adv-header-id-meta":"","stick-header-meta":"default","header-above-stick-meta":"","header-main-stick-meta":"","header-below-stick-meta":"","astra-migrate-meta-layouts":"set","ast-page-background-enabled":"default","ast-page-background-meta":{"desktop":{"background-color":"","background-image":"","background-repeat":"repeat","background-position":"center center","background-size":"auto","background-attachment":"scroll","background-type":"","background-media":"","overlay-type":"","overlay-color":"","overlay-opacity":"","overlay-gradient":""},"tablet":{"background-color":"","background-image":"","background-repeat":"repeat","background-position":"center center","background-size":"auto","background-attachment":"scroll","background-type":"","background-media":"","overlay-type":"","overlay-color":"","overlay-opacity":"","overlay-gradient":""},"mobile":{"background-color":"","background-image":"","background-repeat":"repeat","background-position":"center center","background-size":"auto","background-attachment":"scroll","background-type":"","background-media":"","overlay-type":"","overlay-color":"","overlay-opacity":"","overlay-gradient":""}},"ast-content-background-meta":{"desktop":{"background-color":"var(--ast-global-color-5)","background-image":"","background-repeat":"repeat","background-position":"center center","background-size":"auto","background-attachment":"scroll","background-type":"","background-media":"","overlay-type":"","overlay-color":"","overlay-opacity":"","overlay-gradient":""},"tablet":{"background-color":"var(--ast-global-color-5)","background-image":"","background-repeat":"repeat","background-position":"center center","background-size":"auto","background-attachment":"scroll","background-type":"","background-media":"","overlay-type":"","overlay-color":"","overlay-opacity":"","overlay-gradient":""},"mobile":{"background-color":"var(--ast-global-color-5)","background-image":"","background-repeat":"repeat","background-position":"center center","background-size":"auto","background-attachment":"scroll","background-type":"","background-media":"","overlay-type":"","overlay-color":"","overlay-opacity":"","overlay-gradient":""}}},"product_brand":[],"product_cat":[29],"product_tag":[30],"class_list":{"0":"post-2670","1":"product","2":"type-product","3":"status-publish","4":"has-post-thumbnail","6":"product_cat-sesiones-grupales","7":"product_tag-estimulacion-temprana","8":"desktop-align-left","9":"tablet-align-left","10":"mobile-align-left","11":"ast-product-gallery-layout-horizontal-slider","12":"ast-product-gallery-with-no-image","13":"ast-product-tabs-layout-horizontal","15":"first","16":"instock","17":"virtual","18":"purchasable","19":"product-type-simple"},"yoast_head":"<!-- This site is optimized with the Yoast SEO Premium plugin v16.0.2 - https:\/\/yoast.com\/wordpress\/plugins\/seo\/ -->\n<title>Cargo Autom\u00e1tico (mensual) SESIONES DE ESTIMULACI\u00d3N TEMPRANA - Escuela para padres y cursos en l\u00ednea de maternidad de estimulaci\u00f3n temprana para bebes y ni\u00f1os<\/title>\n<link rel=\"canonical\" href=\"https:\/\/littleplay.com.mx\/academy\/producto\/cargo-automatico-mensual-sesiones-de-estimulacion-temprana\/\" \/>\n<meta property=\"og:locale\" content=\"es_ES\" \/>\n<meta property=\"og:type\" content=\"article\" \/>\n<meta property=\"og:title\" content=\"Cargo Autom\u00e1tico (mensual) SESIONES DE ESTIMULACI\u00d3N TEMPRANA - Escuela para padres y cursos en l\u00ednea de maternidad de estimulaci\u00f3n temprana para bebes y ni\u00f1os\" \/>\n<meta property=\"og:description\" content=\"Potencia el desarrollo integral de tu beb\u00e9 a trav\u00e9s de nuestras sesiones de Estimulaci\u00f3n Temprana donde te ofrecemos un plan adecuado para su edad en donde trabajaremos las 5 \u00e1reas del desarrollo una vez realizado tu pago agenda la cita con el terapeuta y revisa la disponibilidad una vez realizado tu pago mantente en contacto con alguno de nuestros asesores para poder agendar asignarte a uno de nuestros grupos y revisa el calendario de las fechas pr\u00f3ximas de sesi\u00f3n estado tu pago una vez realizado tu pago revisa la agenda y ponte en contacto con uno de nuestros asesores para estar al pendiente del inicio de las sesiones  &nbsp;\" \/>\n<meta property=\"og:url\" content=\"https:\/\/littleplay.com.mx\/academy\/producto\/cargo-automatico-mensual-sesiones-de-estimulacion-temprana\/\" \/>\n<meta property=\"og:site_name\" content=\"Escuela para padres y cursos en l\u00ednea de maternidad de estimulaci\u00f3n temprana para bebes y ni\u00f1os\" \/>\n<meta property=\"article:modified_time\" content=\"2025-07-23T20:18:36+00:00\" \/>\n<meta property=\"og:image\" content=\"https:\/\/littleplay.com.mx\/academy\/wp-content\/uploads\/2021\/05\/ESTIMULACION-TEMPRANA-ONLINE.jpg\" \/>\n\t<meta property=\"og:image:width\" content=\"1080\" \/>\n\t<meta property=\"og:image:height\" content=\"1080\" \/>\n<meta name=\"twitter:card\" content=\"summary_large_image\" \/>\n<meta name=\"twitter:label1\" content=\"Tiempo de lectura\">\n\t<meta name=\"twitter:data1\" content=\"1 minuto\">\n<script type=\"application\/ld+json\" class=\"yoast-schema-graph\">{\"@context\":\"https:\/\/schema.org\",\"@graph\":[{\"@type\":\"WebSite\",\"@id\":\"https:\/\/littleplay.com.mx\/academy\/#website\",\"url\":\"https:\/\/littleplay.com.mx\/academy\/\",\"name\":\"Escuela para padres y cursos en l\\u00ednea de maternidad de estimulaci\\u00f3n temprana para bebes y ni\\u00f1os\",\"description\":\"escuela de maternidad y estimulaci\\u00f3n temprana online, cursos talleres y asesorias en linea\",\"potentialAction\":[{\"@type\":\"SearchAction\",\"target\":\"https:\/\/littleplay.com.mx\/academy\/?s={search_term_string}\",\"query-input\":\"required name=search_term_string\"}],\"inLanguage\":\"es\"},{\"@type\":\"ImageObject\",\"@id\":\"https:\/\/littleplay.com.mx\/academy\/producto\/cargo-automatico-mensual-sesiones-de-estimulacion-temprana\/#primaryimage\",\"inLanguage\":\"es\",\"url\":\"https:\/\/littleplay.com.mx\/academy\/wp-content\/uploads\/2021\/05\/ESTIMULACION-TEMPRANA-ONLINE.jpg\",\"width\":1080,\"height\":1080},{\"@type\":\"WebPage\",\"@id\":\"https:\/\/littleplay.com.mx\/academy\/producto\/cargo-automatico-mensual-sesiones-de-estimulacion-temprana\/#webpage\",\"url\":\"https:\/\/littleplay.com.mx\/academy\/producto\/cargo-automatico-mensual-sesiones-de-estimulacion-temprana\/\",\"name\":\"Cargo Autom\\u00e1tico (mensual) SESIONES DE ESTIMULACI\\u00d3N TEMPRANA - Escuela para padres y cursos en l\\u00ednea de maternidad de estimulaci\\u00f3n temprana para bebes y ni\\u00f1os\",\"isPartOf\":{\"@id\":\"https:\/\/littleplay.com.mx\/academy\/#website\"},\"primaryImageOfPage\":{\"@id\":\"https:\/\/littleplay.com.mx\/academy\/producto\/cargo-automatico-mensual-sesiones-de-estimulacion-temprana\/#primaryimage\"},\"datePublished\":\"2021-05-01T19:52:25+00:00\",\"dateModified\":\"2025-07-23T20:18:36+00:00\",\"breadcrumb\":{\"@id\":\"https:\/\/littleplay.com.mx\/academy\/producto\/cargo-automatico-mensual-sesiones-de-estimulacion-temprana\/#breadcrumb\"},\"inLanguage\":\"es\",\"potentialAction\":[{\"@type\":\"ReadAction\",\"target\":[\"https:\/\/littleplay.com.mx\/academy\/producto\/cargo-automatico-mensual-sesiones-de-estimulacion-temprana\/\"]}]},{\"@type\":\"BreadcrumbList\",\"@id\":\"https:\/\/littleplay.com.mx\/academy\/producto\/cargo-automatico-mensual-sesiones-de-estimulacion-temprana\/#breadcrumb\",\"itemListElement\":[{\"@type\":\"ListItem\",\"position\":1,\"item\":{\"@type\":\"WebPage\",\"@id\":\"https:\/\/littleplay.com.mx\/academy\/\",\"url\":\"https:\/\/littleplay.com.mx\/academy\/\",\"name\":\"Home\"}},{\"@type\":\"ListItem\",\"position\":2,\"item\":{\"@type\":\"WebPage\",\"@id\":\"https:\/\/littleplay.com.mx\/academy\/shop\/\",\"url\":\"https:\/\/littleplay.com.mx\/academy\/shop\/\",\"name\":\"Shop\"}},{\"@type\":\"ListItem\",\"position\":3,\"item\":{\"@type\":\"WebPage\",\"@id\":\"https:\/\/littleplay.com.mx\/academy\/producto\/cargo-automatico-mensual-sesiones-de-estimulacion-temprana\/\",\"url\":\"https:\/\/littleplay.com.mx\/academy\/producto\/cargo-automatico-mensual-sesiones-de-estimulacion-temprana\/\",\"name\":\"Cargo Autom\\u00e1tico (mensual) SESIONES DE ESTIMULACI\\u00d3N TEMPRANA\"}}]}]}<\/script>\n<!-- \/ Yoast SEO Premium plugin. -->","_links":{"self":[{"href":"https:\/\/littleplay.com.mx\/academy\/wp-json\/wp\/v2\/product\/2670","targetHints":{"allow":["GET"]}}],"collection":[{"href":"https:\/\/littleplay.com.mx\/academy\/wp-json\/wp\/v2\/product"}],"about":[{"href":"https:\/\/littleplay.com.mx\/academy\/wp-json\/wp\/v2\/types\/product"}],"replies":[{"embeddable":true,"href":"https:\/\/littleplay.com.mx\/academy\/wp-json\/wp\/v2\/comments?post=2670"}],"version-history":[{"count":5,"href":"https:\/\/littleplay.com.mx\/academy\/wp-json\/wp\/v2\/product\/2670\/revisions"}],"predecessor-version":[{"id":6192,"href":"https:\/\/littleplay.com.mx\/academy\/wp-json\/wp\/v2\/product\/2670\/revisions\/6192"}],"wp:featuredmedia":[{"embeddable":true,"href":"https:\/\/littleplay.com.mx\/academy\/wp-json\/wp\/v2\/media\/2671"}],"wp:attachment":[{"href":"https:\/\/littleplay.com.mx\/academy\/wp-json\/wp\/v2\/media?parent=2670"}],"wp:term":[{"taxonomy":"product_brand","embeddable":true,"href":"https:\/\/littleplay.com.mx\/academy\/wp-json\/wp\/v2\/product_brand?post=2670"},{"taxonomy":"product_cat","embeddable":true,"href":"https:\/\/littleplay.com.mx\/academy\/wp-json\/wp\/v2\/product_cat?post=2670"},{"taxonomy":"product_tag","embeddable":true,"href":"https:\/\/littleplay.com.mx\/academy\/wp-json\/wp\/v2\/product_tag?post=2670"}],"curies":[{"name":"wp","href":"https:\/\/api.w.org\/{rel}","templated":true}]}}