{"id":4504,"date":"2023-02-07T18:10:54","date_gmt":"2023-02-07T18:10:54","guid":{"rendered":"https:\/\/littleplay.com.mx\/academy\/?post_type=product&#038;p=4504"},"modified":"2023-02-07T18:14:14","modified_gmt":"2023-02-07T18:14:14","slug":"rompezabezas-facil","status":"publish","type":"product","link":"https:\/\/littleplay.com.mx\/academy\/producto\/rompezabezas-facil\/","title":{"rendered":"Rompezabezas f\u00e1cil"},"content":{"rendered":"<p>De dos a tres a\u00f1os se puede ampliar el nivel de dificultad, entre cuatro y 12 piezas. Descarga este archivo y dependiendo de la edad del ni\u00f1o, p\u00eddele o ay\u00fadale a recortar. Otorga las 4 piezas del rompecabezas al ni\u00f1o y p\u00eddele que lo arme. Lo puedes enmicar para que tu peque\u00f1o lo arme todas las veces que quiera!!!<\/p>\n","protected":false},"excerpt":{"rendered":"<p>Con estos rompecabezas descargables, vas a apoyar a tu peque\u00f1o a mejorar la capacidad de memoria y su concentraci\u00f3n.<\/p>\n","protected":false},"featured_media":4446,"comment_status":"open","ping_status":"closed","template":"","meta":{"site-sidebar-layout":"default","site-content-layout":"default","ast-site-content-layout":"","site-content-style":"default","site-sidebar-style":"default","ast-global-header-display":"","ast-banner-title-visibility":"","ast-main-header-display":"","ast-hfb-above-header-display":"","ast-hfb-below-header-display":"","ast-hfb-mobile-header-display":"","site-post-title":"","ast-breadcrumbs-content":"","ast-featured-img":"","footer-sml-layout":"","theme-transparent-header-meta":"default","adv-header-id-meta":"","stick-header-meta":"default","header-above-stick-meta":"","header-main-stick-meta":"","header-below-stick-meta":"","astra-migrate-meta-layouts":"default","ast-page-background-enabled":"default","ast-page-background-meta":{"desktop":{"background-color":"","background-image":"","background-repeat":"repeat","background-position":"center center","background-size":"auto","background-attachment":"scroll","background-type":"","background-media":"","overlay-type":"","overlay-color":"","overlay-opacity":"","overlay-gradient":""},"tablet":{"background-color":"","background-image":"","background-repeat":"repeat","background-position":"center center","background-size":"auto","background-attachment":"scroll","background-type":"","background-media":"","overlay-type":"","overlay-color":"","overlay-opacity":"","overlay-gradient":""},"mobile":{"background-color":"","background-image":"","background-repeat":"repeat","background-position":"center center","background-size":"auto","background-attachment":"scroll","background-type":"","background-media":"","overlay-type":"","overlay-color":"","overlay-opacity":"","overlay-gradient":""}},"ast-content-background-meta":{"desktop":{"background-color":"var(--ast-global-color-5)","background-image":"","background-repeat":"repeat","background-position":"center center","background-size":"auto","background-attachment":"scroll","background-type":"","background-media":"","overlay-type":"","overlay-color":"","overlay-opacity":"","overlay-gradient":""},"tablet":{"background-color":"var(--ast-global-color-5)","background-image":"","background-repeat":"repeat","background-position":"center center","background-size":"auto","background-attachment":"scroll","background-type":"","background-media":"","overlay-type":"","overlay-color":"","overlay-opacity":"","overlay-gradient":""},"mobile":{"background-color":"var(--ast-global-color-5)","background-image":"","background-repeat":"repeat","background-position":"center center","background-size":"auto","background-attachment":"scroll","background-type":"","background-media":"","overlay-type":"","overlay-color":"","overlay-opacity":"","overlay-gradient":""}}},"product_brand":[],"product_cat":[222,221],"product_tag":[249,229,227,250],"class_list":{"0":"post-4504","1":"product","2":"type-product","3":"status-publish","4":"has-post-thumbnail","6":"product_cat-gratuitos","7":"product_cat-recursos-y-materiales","8":"product_tag-actividades-facililes","9":"product_tag-gratis","10":"product_tag-ninos","11":"product_tag-rompecabezas-faciles","12":"desktop-align-left","13":"tablet-align-left","14":"mobile-align-left","15":"ast-product-gallery-layout-horizontal-slider","16":"ast-product-gallery-with-no-image","17":"ast-product-tabs-layout-horizontal","19":"first","20":"instock","21":"downloadable","22":"shipping-taxable","23":"purchasable","24":"product-type-simple"},"yoast_head":"<!-- This site is optimized with the Yoast SEO Premium plugin v16.0.2 - https:\/\/yoast.com\/wordpress\/plugins\/seo\/ -->\n<title>Rompezabezas f\u00e1cil - Escuela para padres y cursos en l\u00ednea de maternidad de estimulaci\u00f3n temprana para bebes y ni\u00f1os<\/title>\n<link rel=\"canonical\" href=\"https:\/\/littleplay.com.mx\/academy\/producto\/rompezabezas-facil\/\" \/>\n<meta property=\"og:locale\" content=\"es_ES\" \/>\n<meta property=\"og:type\" content=\"article\" \/>\n<meta property=\"og:title\" content=\"Rompezabezas f\u00e1cil - Escuela para padres y cursos en l\u00ednea de maternidad de estimulaci\u00f3n temprana para bebes y ni\u00f1os\" \/>\n<meta property=\"og:description\" content=\"Con estos rompecabezas descargables, vas a apoyar a tu peque\u00f1o a mejorar la capacidad de memoria y su concentraci\u00f3n.\" \/>\n<meta property=\"og:url\" content=\"https:\/\/littleplay.com.mx\/academy\/producto\/rompezabezas-facil\/\" \/>\n<meta property=\"og:site_name\" content=\"Escuela para padres y cursos en l\u00ednea de maternidad de estimulaci\u00f3n temprana para bebes y ni\u00f1os\" \/>\n<meta property=\"article:modified_time\" content=\"2023-02-07T18:14:14+00:00\" \/>\n<meta property=\"og:image\" content=\"https:\/\/littleplay.com.mx\/academy\/wp-content\/uploads\/2023\/01\/Rompecabezas.jpg\" \/>\n\t<meta property=\"og:image:width\" content=\"1080\" \/>\n\t<meta property=\"og:image:height\" content=\"1080\" \/>\n<meta name=\"twitter:card\" content=\"summary_large_image\" \/>\n<meta name=\"twitter:label1\" content=\"Tiempo de lectura\">\n\t<meta name=\"twitter:data1\" content=\"1 minuto\">\n<script type=\"application\/ld+json\" class=\"yoast-schema-graph\">{\"@context\":\"https:\/\/schema.org\",\"@graph\":[{\"@type\":\"WebSite\",\"@id\":\"https:\/\/littleplay.com.mx\/academy\/#website\",\"url\":\"https:\/\/littleplay.com.mx\/academy\/\",\"name\":\"Escuela para padres y cursos en l\\u00ednea de maternidad de estimulaci\\u00f3n temprana para bebes y ni\\u00f1os\",\"description\":\"escuela de maternidad y estimulaci\\u00f3n temprana online, cursos talleres y asesorias en linea\",\"potentialAction\":[{\"@type\":\"SearchAction\",\"target\":\"https:\/\/littleplay.com.mx\/academy\/?s={search_term_string}\",\"query-input\":\"required name=search_term_string\"}],\"inLanguage\":\"es\"},{\"@type\":\"ImageObject\",\"@id\":\"https:\/\/littleplay.com.mx\/academy\/producto\/rompezabezas-facil\/#primaryimage\",\"inLanguage\":\"es\",\"url\":\"https:\/\/littleplay.com.mx\/academy\/wp-content\/uploads\/2023\/01\/Rompecabezas.jpg\",\"width\":1080,\"height\":1080,\"caption\":\"Rompezabezas de 4 piezas para ni\\u00f1os de preescolar\"},{\"@type\":\"WebPage\",\"@id\":\"https:\/\/littleplay.com.mx\/academy\/producto\/rompezabezas-facil\/#webpage\",\"url\":\"https:\/\/littleplay.com.mx\/academy\/producto\/rompezabezas-facil\/\",\"name\":\"Rompezabezas f\\u00e1cil - Escuela para padres y cursos en l\\u00ednea de maternidad de estimulaci\\u00f3n temprana para bebes y ni\\u00f1os\",\"isPartOf\":{\"@id\":\"https:\/\/littleplay.com.mx\/academy\/#website\"},\"primaryImageOfPage\":{\"@id\":\"https:\/\/littleplay.com.mx\/academy\/producto\/rompezabezas-facil\/#primaryimage\"},\"datePublished\":\"2023-02-07T18:10:54+00:00\",\"dateModified\":\"2023-02-07T18:14:14+00:00\",\"breadcrumb\":{\"@id\":\"https:\/\/littleplay.com.mx\/academy\/producto\/rompezabezas-facil\/#breadcrumb\"},\"inLanguage\":\"es\",\"potentialAction\":[{\"@type\":\"ReadAction\",\"target\":[\"https:\/\/littleplay.com.mx\/academy\/producto\/rompezabezas-facil\/\"]}]},{\"@type\":\"BreadcrumbList\",\"@id\":\"https:\/\/littleplay.com.mx\/academy\/producto\/rompezabezas-facil\/#breadcrumb\",\"itemListElement\":[{\"@type\":\"ListItem\",\"position\":1,\"item\":{\"@type\":\"WebPage\",\"@id\":\"https:\/\/littleplay.com.mx\/academy\/\",\"url\":\"https:\/\/littleplay.com.mx\/academy\/\",\"name\":\"Home\"}},{\"@type\":\"ListItem\",\"position\":2,\"item\":{\"@type\":\"WebPage\",\"@id\":\"https:\/\/littleplay.com.mx\/academy\/shop\/\",\"url\":\"https:\/\/littleplay.com.mx\/academy\/shop\/\",\"name\":\"Shop\"}},{\"@type\":\"ListItem\",\"position\":3,\"item\":{\"@type\":\"WebPage\",\"@id\":\"https:\/\/littleplay.com.mx\/academy\/producto\/rompezabezas-facil\/\",\"url\":\"https:\/\/littleplay.com.mx\/academy\/producto\/rompezabezas-facil\/\",\"name\":\"Rompezabezas f\\u00e1cil\"}}]}]}<\/script>\n<!-- \/ Yoast SEO Premium plugin. -->","_links":{"self":[{"href":"https:\/\/littleplay.com.mx\/academy\/wp-json\/wp\/v2\/product\/4504","targetHints":{"allow":["GET"]}}],"collection":[{"href":"https:\/\/littleplay.com.mx\/academy\/wp-json\/wp\/v2\/product"}],"about":[{"href":"https:\/\/littleplay.com.mx\/academy\/wp-json\/wp\/v2\/types\/product"}],"replies":[{"embeddable":true,"href":"https:\/\/littleplay.com.mx\/academy\/wp-json\/wp\/v2\/comments?post=4504"}],"version-history":[{"count":2,"href":"https:\/\/littleplay.com.mx\/academy\/wp-json\/wp\/v2\/product\/4504\/revisions"}],"predecessor-version":[{"id":4506,"href":"https:\/\/littleplay.com.mx\/academy\/wp-json\/wp\/v2\/product\/4504\/revisions\/4506"}],"wp:featuredmedia":[{"embeddable":true,"href":"https:\/\/littleplay.com.mx\/academy\/wp-json\/wp\/v2\/media\/4446"}],"wp:attachment":[{"href":"https:\/\/littleplay.com.mx\/academy\/wp-json\/wp\/v2\/media?parent=4504"}],"wp:term":[{"taxonomy":"product_brand","embeddable":true,"href":"https:\/\/littleplay.com.mx\/academy\/wp-json\/wp\/v2\/product_brand?post=4504"},{"taxonomy":"product_cat","embeddable":true,"href":"https:\/\/littleplay.com.mx\/academy\/wp-json\/wp\/v2\/product_cat?post=4504"},{"taxonomy":"product_tag","embeddable":true,"href":"https:\/\/littleplay.com.mx\/academy\/wp-json\/wp\/v2\/product_tag?post=4504"}],"curies":[{"name":"wp","href":"https:\/\/api.w.org\/{rel}","templated":true}]}}