{"id":4511,"date":"2023-02-07T18:47:46","date_gmt":"2023-02-07T18:47:46","guid":{"rendered":"https:\/\/littleplay.com.mx\/academy\/?post_type=product&#038;p=4511"},"modified":"2023-02-07T19:00:37","modified_gmt":"2023-02-07T19:00:37","slug":"4511","status":"publish","type":"product","link":"https:\/\/littleplay.com.mx\/academy\/producto\/4511\/","title":{"rendered":"Creando patrones con los helados"},"content":{"rendered":"<p>Imprime los archivos de helados. Recorta los c\u00edrculos que se encuentran en la parte inferior de la hoja, divididos por la l\u00ednea punteada. Proporcionale el material al ni\u00f1o y p\u00eddele que observe bien como van colocadas las bolitas de helado, por \u00faltimo, p\u00eddele que las pegue para formar juntos el patr\u00f3n.<\/p>\n","protected":false},"excerpt":{"rendered":"<p>Estimula la atenci\u00f3n de tu peque\u00f1o de una manera l\u00fadica. Creen juntos helados con diferentes combinaciones y diviertanse!!<\/p>\n","protected":false},"featured_media":4438,"comment_status":"open","ping_status":"closed","template":"","meta":{"site-sidebar-layout":"default","site-content-layout":"default","ast-site-content-layout":"","site-content-style":"default","site-sidebar-style":"default","ast-global-header-display":"","ast-banner-title-visibility":"","ast-main-header-display":"","ast-hfb-above-header-display":"","ast-hfb-below-header-display":"","ast-hfb-mobile-header-display":"","site-post-title":"","ast-breadcrumbs-content":"","ast-featured-img":"","footer-sml-layout":"","theme-transparent-header-meta":"default","adv-header-id-meta":"","stick-header-meta":"default","header-above-stick-meta":"","header-main-stick-meta":"","header-below-stick-meta":"","astra-migrate-meta-layouts":"default","ast-page-background-enabled":"default","ast-page-background-meta":{"desktop":{"background-color":"","background-image":"","background-repeat":"repeat","background-position":"center center","background-size":"auto","background-attachment":"scroll","background-type":"","background-media":"","overlay-type":"","overlay-color":"","overlay-opacity":"","overlay-gradient":""},"tablet":{"background-color":"","background-image":"","background-repeat":"repeat","background-position":"center center","background-size":"auto","background-attachment":"scroll","background-type":"","background-media":"","overlay-type":"","overlay-color":"","overlay-opacity":"","overlay-gradient":""},"mobile":{"background-color":"","background-image":"","background-repeat":"repeat","background-position":"center center","background-size":"auto","background-attachment":"scroll","background-type":"","background-media":"","overlay-type":"","overlay-color":"","overlay-opacity":"","overlay-gradient":""}},"ast-content-background-meta":{"desktop":{"background-color":"var(--ast-global-color-5)","background-image":"","background-repeat":"repeat","background-position":"center center","background-size":"auto","background-attachment":"scroll","background-type":"","background-media":"","overlay-type":"","overlay-color":"","overlay-opacity":"","overlay-gradient":""},"tablet":{"background-color":"var(--ast-global-color-5)","background-image":"","background-repeat":"repeat","background-position":"center center","background-size":"auto","background-attachment":"scroll","background-type":"","background-media":"","overlay-type":"","overlay-color":"","overlay-opacity":"","overlay-gradient":""},"mobile":{"background-color":"var(--ast-global-color-5)","background-image":"","background-repeat":"repeat","background-position":"center center","background-size":"auto","background-attachment":"scroll","background-type":"","background-media":"","overlay-type":"","overlay-color":"","overlay-opacity":"","overlay-gradient":""}}},"product_brand":[],"product_cat":[222,221],"product_tag":[256,249,254,258,255,227,253,257,259],"class_list":{"0":"post-4511","1":"product","2":"type-product","3":"status-publish","4":"has-post-thumbnail","6":"product_cat-gratuitos","7":"product_cat-recursos-y-materiales","8":"product_tag-actividad-de-atencion","9":"product_tag-actividades-facililes","10":"product_tag-cognitivos","11":"product_tag-maestra","12":"product_tag-maetriales-gratis","13":"product_tag-ninos","14":"product_tag-patrones","15":"product_tag-preescolar","16":"product_tag-psicologa","17":"desktop-align-left","18":"tablet-align-left","19":"mobile-align-left","20":"ast-product-gallery-layout-horizontal-slider","21":"ast-product-gallery-with-no-image","22":"ast-product-tabs-layout-horizontal","24":"first","25":"instock","26":"downloadable","27":"shipping-taxable","28":"purchasable","29":"product-type-simple"},"yoast_head":"<!-- This site is optimized with the Yoast SEO Premium plugin v16.0.2 - https:\/\/yoast.com\/wordpress\/plugins\/seo\/ -->\n<title>Creando patrones con los helados - Escuela para padres y cursos en l\u00ednea de maternidad de estimulaci\u00f3n temprana para bebes y ni\u00f1os<\/title>\n<link rel=\"canonical\" href=\"https:\/\/littleplay.com.mx\/academy\/producto\/4511\/\" \/>\n<meta property=\"og:locale\" content=\"es_ES\" \/>\n<meta property=\"og:type\" content=\"article\" \/>\n<meta property=\"og:title\" content=\"Creando patrones con los helados - Escuela para padres y cursos en l\u00ednea de maternidad de estimulaci\u00f3n temprana para bebes y ni\u00f1os\" \/>\n<meta property=\"og:description\" content=\"Estimula la atenci\u00f3n de tu peque\u00f1o de una manera l\u00fadica. Creen juntos helados con diferentes combinaciones y diviertanse!!\" \/>\n<meta property=\"og:url\" content=\"https:\/\/littleplay.com.mx\/academy\/producto\/4511\/\" \/>\n<meta property=\"og:site_name\" content=\"Escuela para padres y cursos en l\u00ednea de maternidad de estimulaci\u00f3n temprana para bebes y ni\u00f1os\" \/>\n<meta property=\"article:modified_time\" content=\"2023-02-07T19:00:37+00:00\" \/>\n<meta property=\"og:image\" content=\"https:\/\/littleplay.com.mx\/academy\/wp-content\/uploads\/2023\/01\/Juega-creando-patrones.jpg\" \/>\n\t<meta property=\"og:image:width\" content=\"1080\" \/>\n\t<meta property=\"og:image:height\" content=\"1080\" \/>\n<meta name=\"twitter:card\" content=\"summary_large_image\" \/>\n<meta name=\"twitter:label1\" content=\"Tiempo de lectura\">\n\t<meta name=\"twitter:data1\" content=\"1 minuto\">\n<script type=\"application\/ld+json\" class=\"yoast-schema-graph\">{\"@context\":\"https:\/\/schema.org\",\"@graph\":[{\"@type\":\"WebSite\",\"@id\":\"https:\/\/littleplay.com.mx\/academy\/#website\",\"url\":\"https:\/\/littleplay.com.mx\/academy\/\",\"name\":\"Escuela para padres y cursos en l\\u00ednea de maternidad de estimulaci\\u00f3n temprana para bebes y ni\\u00f1os\",\"description\":\"escuela de maternidad y estimulaci\\u00f3n temprana online, cursos talleres y asesorias en linea\",\"potentialAction\":[{\"@type\":\"SearchAction\",\"target\":\"https:\/\/littleplay.com.mx\/academy\/?s={search_term_string}\",\"query-input\":\"required name=search_term_string\"}],\"inLanguage\":\"es\"},{\"@type\":\"ImageObject\",\"@id\":\"https:\/\/littleplay.com.mx\/academy\/producto\/4511\/#primaryimage\",\"inLanguage\":\"es\",\"url\":\"https:\/\/littleplay.com.mx\/academy\/wp-content\/uploads\/2023\/01\/Juega-creando-patrones.jpg\",\"width\":1080,\"height\":1080,\"caption\":\"Estimula la atenci\\u00f3n de tu hijo\"},{\"@type\":\"WebPage\",\"@id\":\"https:\/\/littleplay.com.mx\/academy\/producto\/4511\/#webpage\",\"url\":\"https:\/\/littleplay.com.mx\/academy\/producto\/4511\/\",\"name\":\"Creando patrones con los helados - Escuela para padres y cursos en l\\u00ednea de maternidad de estimulaci\\u00f3n temprana para bebes y ni\\u00f1os\",\"isPartOf\":{\"@id\":\"https:\/\/littleplay.com.mx\/academy\/#website\"},\"primaryImageOfPage\":{\"@id\":\"https:\/\/littleplay.com.mx\/academy\/producto\/4511\/#primaryimage\"},\"datePublished\":\"2023-02-07T18:47:46+00:00\",\"dateModified\":\"2023-02-07T19:00:37+00:00\",\"breadcrumb\":{\"@id\":\"https:\/\/littleplay.com.mx\/academy\/producto\/4511\/#breadcrumb\"},\"inLanguage\":\"es\",\"potentialAction\":[{\"@type\":\"ReadAction\",\"target\":[\"https:\/\/littleplay.com.mx\/academy\/producto\/4511\/\"]}]},{\"@type\":\"BreadcrumbList\",\"@id\":\"https:\/\/littleplay.com.mx\/academy\/producto\/4511\/#breadcrumb\",\"itemListElement\":[{\"@type\":\"ListItem\",\"position\":1,\"item\":{\"@type\":\"WebPage\",\"@id\":\"https:\/\/littleplay.com.mx\/academy\/\",\"url\":\"https:\/\/littleplay.com.mx\/academy\/\",\"name\":\"Home\"}},{\"@type\":\"ListItem\",\"position\":2,\"item\":{\"@type\":\"WebPage\",\"@id\":\"https:\/\/littleplay.com.mx\/academy\/shop\/\",\"url\":\"https:\/\/littleplay.com.mx\/academy\/shop\/\",\"name\":\"Shop\"}},{\"@type\":\"ListItem\",\"position\":3,\"item\":{\"@type\":\"WebPage\",\"@id\":\"https:\/\/littleplay.com.mx\/academy\/producto\/4511\/\",\"url\":\"https:\/\/littleplay.com.mx\/academy\/producto\/4511\/\",\"name\":\"Creando patrones con los helados\"}}]}]}<\/script>\n<!-- \/ Yoast SEO Premium plugin. -->","_links":{"self":[{"href":"https:\/\/littleplay.com.mx\/academy\/wp-json\/wp\/v2\/product\/4511","targetHints":{"allow":["GET"]}}],"collection":[{"href":"https:\/\/littleplay.com.mx\/academy\/wp-json\/wp\/v2\/product"}],"about":[{"href":"https:\/\/littleplay.com.mx\/academy\/wp-json\/wp\/v2\/types\/product"}],"replies":[{"embeddable":true,"href":"https:\/\/littleplay.com.mx\/academy\/wp-json\/wp\/v2\/comments?post=4511"}],"version-history":[{"count":2,"href":"https:\/\/littleplay.com.mx\/academy\/wp-json\/wp\/v2\/product\/4511\/revisions"}],"predecessor-version":[{"id":4513,"href":"https:\/\/littleplay.com.mx\/academy\/wp-json\/wp\/v2\/product\/4511\/revisions\/4513"}],"wp:featuredmedia":[{"embeddable":true,"href":"https:\/\/littleplay.com.mx\/academy\/wp-json\/wp\/v2\/media\/4438"}],"wp:attachment":[{"href":"https:\/\/littleplay.com.mx\/academy\/wp-json\/wp\/v2\/media?parent=4511"}],"wp:term":[{"taxonomy":"product_brand","embeddable":true,"href":"https:\/\/littleplay.com.mx\/academy\/wp-json\/wp\/v2\/product_brand?post=4511"},{"taxonomy":"product_cat","embeddable":true,"href":"https:\/\/littleplay.com.mx\/academy\/wp-json\/wp\/v2\/product_cat?post=4511"},{"taxonomy":"product_tag","embeddable":true,"href":"https:\/\/littleplay.com.mx\/academy\/wp-json\/wp\/v2\/product_tag?post=4511"}],"curies":[{"name":"wp","href":"https:\/\/api.w.org\/{rel}","templated":true}]}}