{"id":5004,"date":"2023-06-14T16:57:42","date_gmt":"2023-06-14T22:57:42","guid":{"rendered":"https:\/\/littleplay.com.mx\/academy\/?post_type=product&#038;p=5004"},"modified":"2024-04-10T17:29:45","modified_gmt":"2024-04-10T23:29:45","slug":"manual-de-inteligencia-emocional","status":"publish","type":"product","link":"https:\/\/littleplay.com.mx\/academy\/producto\/manual-de-inteligencia-emocional\/","title":{"rendered":"Manual de inteligencia emocional"},"content":{"rendered":"<p><span data-sheets-value=\"{&quot;1&quot;:2,&quot;2&quot;:&quot;Descarga este manual. Encontrar\u00e1s diversos apartados, donde podr\u00e1s leer \u00bfQu\u00e9 son las emociones?, las emociones b\u00e1sicas, el desarrollo emocional infantil, la eduaci\u00f3n emocional, etc. Podr\u00e1s observar que algunos apartados contienen actividades para ayudar a favorecer esa \u00e1rea, por ejemplo: la conciencia emocional. Este manual est\u00e1 dise\u00f1ado para que puedas implementar actividades que fomenten la inteligencia en ni\u00f1os de 2 a\u00f1os en adelante. &quot;}\" data-sheets-userformat=\"{&quot;2&quot;:897,&quot;3&quot;:{&quot;1&quot;:0},&quot;10&quot;:1,&quot;11&quot;:4,&quot;12&quot;:0}\">1.- Descarga este manual. <\/span><\/p>\n<p><span data-sheets-value=\"{&quot;1&quot;:2,&quot;2&quot;:&quot;Descarga este manual. Encontrar\u00e1s diversos apartados, donde podr\u00e1s leer \u00bfQu\u00e9 son las emociones?, las emociones b\u00e1sicas, el desarrollo emocional infantil, la eduaci\u00f3n emocional, etc. Podr\u00e1s observar que algunos apartados contienen actividades para ayudar a favorecer esa \u00e1rea, por ejemplo: la conciencia emocional. Este manual est\u00e1 dise\u00f1ado para que puedas implementar actividades que fomenten la inteligencia en ni\u00f1os de 2 a\u00f1os en adelante. &quot;}\" data-sheets-userformat=\"{&quot;2&quot;:897,&quot;3&quot;:{&quot;1&quot;:0},&quot;10&quot;:1,&quot;11&quot;:4,&quot;12&quot;:0}\">2.- El manual consta de 40 p\u00e1ginas donde encontrar\u00e1s diversos apartados y podr\u00e1s leer \u00bfQu\u00e9 son las emociones?, las emociones b\u00e1sicas, el desarrollo emocional infantil, la educaci\u00f3n emocional, etc. <\/span><\/p>\n<p><span data-sheets-value=\"{&quot;1&quot;:2,&quot;2&quot;:&quot;Descarga este manual. Encontrar\u00e1s diversos apartados, donde podr\u00e1s leer \u00bfQu\u00e9 son las emociones?, las emociones b\u00e1sicas, el desarrollo emocional infantil, la eduaci\u00f3n emocional, etc. Podr\u00e1s observar que algunos apartados contienen actividades para ayudar a favorecer esa \u00e1rea, por ejemplo: la conciencia emocional. Este manual est\u00e1 dise\u00f1ado para que puedas implementar actividades que fomenten la inteligencia en ni\u00f1os de 2 a\u00f1os en adelante. &quot;}\" data-sheets-userformat=\"{&quot;2&quot;:897,&quot;3&quot;:{&quot;1&quot;:0},&quot;10&quot;:1,&quot;11&quot;:4,&quot;12&quot;:0}\">3.- Podr\u00e1s observar que algunos apartados contienen actividades para ayudar a favorecer esa \u00e1rea, por ejemplo: la conciencia emocional. Este manual est\u00e1 dise\u00f1ado para que puedas implementar actividades que fomenten la inteligencia en ni\u00f1os de 2 a\u00f1os en adelante. Divi\u00e9rtete con todas las actividades que hemos dise\u00f1ado para ti.!!<\/span><\/p>\n","protected":false},"excerpt":{"rendered":"<p><span data-sheets-value=\"{&quot;1&quot;:2,&quot;2&quot;:&quot;La inteligencia emocional engloba aspectos elementales que intervienen en la vida de un ni\u00f1o, permite conocer c\u00f3mo es que se enfrenta y resuelve problemas en la vida diaria. Es por esto, que se han desarrollado una serie de actividades que estamos seguros que ayudar\u00e1n a tu peque\u00f1o a identificar, expresar y regular sus emociones. &quot;}\" data-sheets-userformat=\"{&quot;2&quot;:897,&quot;3&quot;:{&quot;1&quot;:0},&quot;10&quot;:1,&quot;11&quot;:4,&quot;12&quot;:0}\">La inteligencia emocional engloba aspectos elementales que intervienen en la vida de un ni\u00f1o, permite conocer c\u00f3mo es que se enfrenta y resuelve problemas en la vida diaria. Es por esto, que se han desarrollado una serie de actividades que estamos seguros que ayudar\u00e1n a tu peque\u00f1o a identificar, expresar y regular sus emociones.\u00a0<\/span><\/p>\n","protected":false},"featured_media":5005,"comment_status":"open","ping_status":"closed","template":"","meta":{"site-sidebar-layout":"default","site-content-layout":"default","ast-site-content-layout":"","site-content-style":"default","site-sidebar-style":"default","ast-global-header-display":"","ast-banner-title-visibility":"","ast-main-header-display":"","ast-hfb-above-header-display":"","ast-hfb-below-header-display":"","ast-hfb-mobile-header-display":"","site-post-title":"","ast-breadcrumbs-content":null,"ast-featured-img":"","footer-sml-layout":"","theme-transparent-header-meta":"default","adv-header-id-meta":"","stick-header-meta":"default","header-above-stick-meta":"","header-main-stick-meta":"","header-below-stick-meta":"","astra-migrate-meta-layouts":"default","ast-page-background-enabled":"default","ast-page-background-meta":{"desktop":{"background-color":"","background-image":"","background-repeat":"repeat","background-position":"center center","background-size":"auto","background-attachment":"scroll","background-type":"","background-media":"","overlay-type":"","overlay-color":"","overlay-opacity":"","overlay-gradient":""},"tablet":{"background-color":"","background-image":"","background-repeat":"repeat","background-position":"center center","background-size":"auto","background-attachment":"scroll","background-type":"","background-media":"","overlay-type":"","overlay-color":"","overlay-opacity":"","overlay-gradient":""},"mobile":{"background-color":"","background-image":"","background-repeat":"repeat","background-position":"center center","background-size":"auto","background-attachment":"scroll","background-type":"","background-media":"","overlay-type":"","overlay-color":"","overlay-opacity":"","overlay-gradient":""}},"ast-content-background-meta":{"desktop":{"background-color":"var(--ast-global-color-5)","background-image":"","background-repeat":"repeat","background-position":"center center","background-size":"auto","background-attachment":"scroll","background-type":"","background-media":"","overlay-type":"","overlay-color":"","overlay-opacity":"","overlay-gradient":""},"tablet":{"background-color":"var(--ast-global-color-5)","background-image":"","background-repeat":"repeat","background-position":"center center","background-size":"auto","background-attachment":"scroll","background-type":"","background-media":"","overlay-type":"","overlay-color":"","overlay-opacity":"","overlay-gradient":""},"mobile":{"background-color":"var(--ast-global-color-5)","background-image":"","background-repeat":"repeat","background-position":"center center","background-size":"auto","background-attachment":"scroll","background-type":"","background-media":"","overlay-type":"","overlay-color":"","overlay-opacity":"","overlay-gradient":""}}},"product_brand":[],"product_cat":[223,221],"product_tag":[305,304,306,297,227,286],"class_list":{"0":"post-5004","1":"product","2":"type-product","3":"status-publish","4":"has-post-thumbnail","6":"product_cat-pago","7":"product_cat-recursos-y-materiales","8":"product_tag-actividades-de-emociones","9":"product_tag-emociones","10":"product_tag-inteligencia-emocional","11":"product_tag-maestros","12":"product_tag-ninos","13":"product_tag-padres","14":"desktop-align-left","15":"tablet-align-left","16":"mobile-align-left","17":"ast-product-gallery-layout-horizontal-slider","18":"ast-product-tabs-layout-horizontal","20":"first","21":"instock","22":"sale","23":"downloadable","24":"shipping-taxable","25":"purchasable","26":"product-type-simple"},"yoast_head":"<!-- This site is optimized with the Yoast SEO Premium plugin v16.0.2 - https:\/\/yoast.com\/wordpress\/plugins\/seo\/ -->\n<title>Manual de inteligencia emocional - Escuela para padres y cursos en l\u00ednea de maternidad de estimulaci\u00f3n temprana para bebes y ni\u00f1os<\/title>\n<meta name=\"description\" content=\"Descarga nuestro manual de inteligencia emocional para poder implementar actividades que ayuden a los ni\u00f1os a regular sus emociones.\" \/>\n<link rel=\"canonical\" href=\"https:\/\/littleplay.com.mx\/academy\/producto\/manual-de-inteligencia-emocional\/\" \/>\n<meta property=\"og:locale\" content=\"es_ES\" \/>\n<meta property=\"og:type\" content=\"article\" \/>\n<meta property=\"og:title\" content=\"Manual de inteligencia emocional - Escuela para padres y cursos en l\u00ednea de maternidad de estimulaci\u00f3n temprana para bebes y ni\u00f1os\" \/>\n<meta property=\"og:description\" content=\"Descarga nuestro manual de inteligencia emocional para poder implementar actividades que ayuden a los ni\u00f1os a regular sus emociones.\" \/>\n<meta property=\"og:url\" content=\"https:\/\/littleplay.com.mx\/academy\/producto\/manual-de-inteligencia-emocional\/\" \/>\n<meta property=\"og:site_name\" content=\"Escuela para padres y cursos en l\u00ednea de maternidad de estimulaci\u00f3n temprana para bebes y ni\u00f1os\" \/>\n<meta property=\"article:modified_time\" content=\"2024-04-10T23:29:45+00:00\" \/>\n<meta property=\"og:image\" content=\"https:\/\/littleplay.com.mx\/academy\/wp-content\/uploads\/2023\/06\/1-3.png\" \/>\n\t<meta property=\"og:image:width\" content=\"1080\" \/>\n\t<meta property=\"og:image:height\" content=\"1080\" \/>\n<meta name=\"twitter:card\" content=\"summary_large_image\" \/>\n<meta name=\"twitter:label1\" content=\"Tiempo de lectura\">\n\t<meta name=\"twitter:data1\" content=\"1 minuto\">\n<script type=\"application\/ld+json\" class=\"yoast-schema-graph\">{\"@context\":\"https:\/\/schema.org\",\"@graph\":[{\"@type\":\"WebSite\",\"@id\":\"https:\/\/littleplay.com.mx\/academy\/#website\",\"url\":\"https:\/\/littleplay.com.mx\/academy\/\",\"name\":\"Escuela para padres y cursos en l\\u00ednea de maternidad de estimulaci\\u00f3n temprana para bebes y ni\\u00f1os\",\"description\":\"escuela de maternidad y estimulaci\\u00f3n temprana online, cursos talleres y asesorias en linea\",\"potentialAction\":[{\"@type\":\"SearchAction\",\"target\":\"https:\/\/littleplay.com.mx\/academy\/?s={search_term_string}\",\"query-input\":\"required name=search_term_string\"}],\"inLanguage\":\"es\"},{\"@type\":\"ImageObject\",\"@id\":\"https:\/\/littleplay.com.mx\/academy\/producto\/manual-de-inteligencia-emocional\/#primaryimage\",\"inLanguage\":\"es\",\"url\":\"https:\/\/littleplay.com.mx\/academy\/wp-content\/uploads\/2023\/06\/1-3.png\",\"width\":1080,\"height\":1080},{\"@type\":\"WebPage\",\"@id\":\"https:\/\/littleplay.com.mx\/academy\/producto\/manual-de-inteligencia-emocional\/#webpage\",\"url\":\"https:\/\/littleplay.com.mx\/academy\/producto\/manual-de-inteligencia-emocional\/\",\"name\":\"Manual de inteligencia emocional - Escuela para padres y cursos en l\\u00ednea de maternidad de estimulaci\\u00f3n temprana para bebes y ni\\u00f1os\",\"isPartOf\":{\"@id\":\"https:\/\/littleplay.com.mx\/academy\/#website\"},\"primaryImageOfPage\":{\"@id\":\"https:\/\/littleplay.com.mx\/academy\/producto\/manual-de-inteligencia-emocional\/#primaryimage\"},\"datePublished\":\"2023-06-14T22:57:42+00:00\",\"dateModified\":\"2024-04-10T23:29:45+00:00\",\"description\":\"Descarga nuestro manual de inteligencia emocional para poder implementar actividades que ayuden a los ni\\u00f1os a regular sus emociones.\",\"breadcrumb\":{\"@id\":\"https:\/\/littleplay.com.mx\/academy\/producto\/manual-de-inteligencia-emocional\/#breadcrumb\"},\"inLanguage\":\"es\",\"potentialAction\":[{\"@type\":\"ReadAction\",\"target\":[\"https:\/\/littleplay.com.mx\/academy\/producto\/manual-de-inteligencia-emocional\/\"]}]},{\"@type\":\"BreadcrumbList\",\"@id\":\"https:\/\/littleplay.com.mx\/academy\/producto\/manual-de-inteligencia-emocional\/#breadcrumb\",\"itemListElement\":[{\"@type\":\"ListItem\",\"position\":1,\"item\":{\"@type\":\"WebPage\",\"@id\":\"https:\/\/littleplay.com.mx\/academy\/\",\"url\":\"https:\/\/littleplay.com.mx\/academy\/\",\"name\":\"Home\"}},{\"@type\":\"ListItem\",\"position\":2,\"item\":{\"@type\":\"WebPage\",\"@id\":\"https:\/\/littleplay.com.mx\/academy\/shop\/\",\"url\":\"https:\/\/littleplay.com.mx\/academy\/shop\/\",\"name\":\"Shop\"}},{\"@type\":\"ListItem\",\"position\":3,\"item\":{\"@type\":\"WebPage\",\"@id\":\"https:\/\/littleplay.com.mx\/academy\/producto\/manual-de-inteligencia-emocional\/\",\"url\":\"https:\/\/littleplay.com.mx\/academy\/producto\/manual-de-inteligencia-emocional\/\",\"name\":\"Manual de inteligencia emocional\"}}]}]}<\/script>\n<!-- \/ Yoast SEO Premium plugin. -->","_links":{"self":[{"href":"https:\/\/littleplay.com.mx\/academy\/wp-json\/wp\/v2\/product\/5004","targetHints":{"allow":["GET"]}}],"collection":[{"href":"https:\/\/littleplay.com.mx\/academy\/wp-json\/wp\/v2\/product"}],"about":[{"href":"https:\/\/littleplay.com.mx\/academy\/wp-json\/wp\/v2\/types\/product"}],"replies":[{"embeddable":true,"href":"https:\/\/littleplay.com.mx\/academy\/wp-json\/wp\/v2\/comments?post=5004"}],"version-history":[{"count":2,"href":"https:\/\/littleplay.com.mx\/academy\/wp-json\/wp\/v2\/product\/5004\/revisions"}],"predecessor-version":[{"id":5012,"href":"https:\/\/littleplay.com.mx\/academy\/wp-json\/wp\/v2\/product\/5004\/revisions\/5012"}],"wp:featuredmedia":[{"embeddable":true,"href":"https:\/\/littleplay.com.mx\/academy\/wp-json\/wp\/v2\/media\/5005"}],"wp:attachment":[{"href":"https:\/\/littleplay.com.mx\/academy\/wp-json\/wp\/v2\/media?parent=5004"}],"wp:term":[{"taxonomy":"product_brand","embeddable":true,"href":"https:\/\/littleplay.com.mx\/academy\/wp-json\/wp\/v2\/product_brand?post=5004"},{"taxonomy":"product_cat","embeddable":true,"href":"https:\/\/littleplay.com.mx\/academy\/wp-json\/wp\/v2\/product_cat?post=5004"},{"taxonomy":"product_tag","embeddable":true,"href":"https:\/\/littleplay.com.mx\/academy\/wp-json\/wp\/v2\/product_tag?post=5004"}],"curies":[{"name":"wp","href":"https:\/\/api.w.org\/{rel}","templated":true}]}}