{"id":5142,"date":"2023-08-08T17:25:03","date_gmt":"2023-08-08T23:25:03","guid":{"rendered":"https:\/\/littleplay.com.mx\/academy\/?post_type=product&#038;p=5142"},"modified":"2025-05-05T14:22:39","modified_gmt":"2025-05-05T20:22:39","slug":"estrategias-para-favorecer-el-desarrollo-del-lenguaje","status":"publish","type":"product","link":"https:\/\/littleplay.com.mx\/academy\/producto\/estrategias-para-favorecer-el-desarrollo-del-lenguaje\/","title":{"rendered":"Estrateg\u00edas para Favorecer el Desarrollo del Lenguaje"},"content":{"rendered":"<p>Estrategias para el Desarrollo del Lenguaje \ud83d\udde3\ud83e\udde0\ud83d\udc96<\/p>\n<p>Dirigido a Terapeutas y Padres de familia que se encuentran apoyando a sus hijos en este proceso, interesados en encontrar las herramientas necesarias para entrenar el Lenguaje \ud83d\udd34<\/p>\n<p>\u00bfCua\u0301ndo? \u23f0<\/p>\n<p>EN VIVO\u00a0 Y<\/p>\n<p>&#8211; Grabado<br \/>\n&#8211; Duraci\u00f3n 2 horas<br \/>\n&#8211; Resolucion de dudas v\u00eda WhatsApp<\/p>\n<p>\ud83d\udc49 Contenido<br \/>\n\u2705 \u00bfQue es el habla?<br \/>\n\u2705 \u00bfQue es el lenguaje?<br \/>\n\u2705 Etapas del Desarrollo del Lenguaje<br \/>\n\u2705 Origen de las alteraciones del Lenguaje<br \/>\n\u2705 Principales trastornos del Lenguaje<\/p>\n<p>\u2705 Estrategias y actividades de apoyo para desarrollar el Lenguaje en casa<br \/>\n\u2705 Y m\u00e1s&#8230;<\/p>\n<p>INCLUYE<\/p>\n<p>\u2705 PDF descargable (Cuadernillo con actividades)<br \/>\n\u2705 Constancia de participaci\u00f3n digital<\/p>\n<p>\u2705\ud83c\udf89BONUS 1 : 2 archivos digitales para evaluaci\u00f3n<\/p>\n","protected":false},"excerpt":{"rendered":"<p>Estrategias para el Desarrollo del Lenguaje \ud83d\udde3\ud83e\udde0\ud83d\udc96 Dirigido a Terapeutas y Padres de familia que se encuentran apoyando a sus hijos en este proceso, interesados en encontrar las herramientas necesarias para entrenar el Lenguaje \ud83d\udd34 \u00bfCua\u0301ndo? \u23f0 EN VIVO\u00a0 Y &#8211; Grabado &#8211; Duraci\u00f3n 2 horas &#8211; Resolucion de dudas v\u00eda WhatsApp \ud83d\udc49 Contenido \u2705 [&hellip;]<\/p>\n","protected":false},"featured_media":5664,"comment_status":"open","ping_status":"closed","template":"","meta":{"site-sidebar-layout":"default","site-content-layout":null,"ast-site-content-layout":"","site-content-style":"default","site-sidebar-style":"default","ast-global-header-display":"","ast-banner-title-visibility":"","ast-main-header-display":"","ast-hfb-above-header-display":null,"ast-hfb-below-header-display":null,"ast-hfb-mobile-header-display":"","site-post-title":"","ast-breadcrumbs-content":null,"ast-featured-img":"","footer-sml-layout":"","theme-transparent-header-meta":"default","adv-header-id-meta":"","stick-header-meta":"default","header-above-stick-meta":null,"header-main-stick-meta":"","header-below-stick-meta":null,"astra-migrate-meta-layouts":"default","ast-page-background-enabled":"default","ast-page-background-meta":{"desktop":{"background-color":"","background-image":"","background-repeat":"repeat","background-position":"center center","background-size":"auto","background-attachment":"scroll","background-type":"","background-media":"","overlay-type":"","overlay-color":"","overlay-opacity":"","overlay-gradient":""},"tablet":{"background-color":"","background-image":"","background-repeat":"repeat","background-position":"center center","background-size":"auto","background-attachment":"scroll","background-type":"","background-media":"","overlay-type":"","overlay-color":"","overlay-opacity":"","overlay-gradient":""},"mobile":{"background-color":"","background-image":"","background-repeat":"repeat","background-position":"center center","background-size":"auto","background-attachment":"scroll","background-type":"","background-media":"","overlay-type":"","overlay-color":"","overlay-opacity":"","overlay-gradient":""}},"ast-content-background-meta":{"desktop":{"background-color":"var(--ast-global-color-5)","background-image":"","background-repeat":"repeat","background-position":"center center","background-size":"auto","background-attachment":"scroll","background-type":"","background-media":"","overlay-type":"","overlay-color":"","overlay-opacity":"","overlay-gradient":""},"tablet":{"background-color":"var(--ast-global-color-5)","background-image":"","background-repeat":"repeat","background-position":"center center","background-size":"auto","background-attachment":"scroll","background-type":"","background-media":"","overlay-type":"","overlay-color":"","overlay-opacity":"","overlay-gradient":""},"mobile":{"background-color":"var(--ast-global-color-5)","background-image":"","background-repeat":"repeat","background-position":"center center","background-size":"auto","background-attachment":"scroll","background-type":"","background-media":"","overlay-type":"","overlay-color":"","overlay-opacity":"","overlay-gradient":""}}},"product_brand":[],"product_cat":[216],"product_tag":[318,24,261,227,317,25],"class_list":{"0":"post-5142","1":"product","2":"type-product","3":"status-publish","4":"has-post-thumbnail","6":"product_cat-workshop","7":"product_tag-habla","8":"product_tag-lenguaje","9":"product_tag-mama","10":"product_tag-ninos","11":"product_tag-psicologia","12":"product_tag-terapia","13":"desktop-align-left","14":"tablet-align-left","15":"mobile-align-left","16":"ast-product-gallery-layout-horizontal-slider","17":"ast-product-gallery-with-no-image","18":"ast-product-tabs-layout-horizontal","20":"first","21":"instock","22":"shipping-taxable","23":"purchasable","24":"product-type-simple"},"yoast_head":"<!-- This site is optimized with the Yoast SEO Premium plugin v16.0.2 - https:\/\/yoast.com\/wordpress\/plugins\/seo\/ -->\n<title>Estrateg\u00edas para Favorecer el Desarrollo del Lenguaje - Escuela para padres y cursos en l\u00ednea de maternidad de estimulaci\u00f3n temprana para bebes y ni\u00f1os<\/title>\n<link rel=\"canonical\" href=\"https:\/\/littleplay.com.mx\/academy\/producto\/estrategias-para-favorecer-el-desarrollo-del-lenguaje\/\" \/>\n<meta property=\"og:locale\" content=\"es_ES\" \/>\n<meta property=\"og:type\" content=\"article\" \/>\n<meta property=\"og:title\" content=\"Estrateg\u00edas para Favorecer el Desarrollo del Lenguaje - Escuela para padres y cursos en l\u00ednea de maternidad de estimulaci\u00f3n temprana para bebes y ni\u00f1os\" \/>\n<meta property=\"og:description\" content=\"Estrategias para el Desarrollo del Lenguaje \ud83d\udde3\ud83e\udde0\ud83d\udc96 Dirigido a Terapeutas y Padres de familia que se encuentran apoyando a sus hijos en este proceso, interesados en encontrar las herramientas necesarias para entrenar el Lenguaje \ud83d\udd34 \u00bfCua\u0301ndo? \u23f0 EN VIVO\u00a0 Y &#8211; Grabado &#8211; Duraci\u00f3n 2 horas &#8211; Resolucion de dudas v\u00eda WhatsApp \ud83d\udc49 Contenido \u2705 [&hellip;]\" \/>\n<meta property=\"og:url\" content=\"https:\/\/littleplay.com.mx\/academy\/producto\/estrategias-para-favorecer-el-desarrollo-del-lenguaje\/\" \/>\n<meta property=\"og:site_name\" content=\"Escuela para padres y cursos en l\u00ednea de maternidad de estimulaci\u00f3n temprana para bebes y ni\u00f1os\" \/>\n<meta property=\"article:modified_time\" content=\"2025-05-05T20:22:39+00:00\" \/>\n<meta property=\"og:image\" content=\"https:\/\/littleplay.com.mx\/academy\/wp-content\/uploads\/2023\/08\/Taller-de-Lenguaje-1.jpg\" \/>\n\t<meta property=\"og:image:width\" content=\"1080\" \/>\n\t<meta property=\"og:image:height\" content=\"1080\" \/>\n<meta name=\"twitter:card\" content=\"summary_large_image\" \/>\n<meta name=\"twitter:label1\" content=\"Tiempo de lectura\">\n\t<meta name=\"twitter:data1\" content=\"1 minuto\">\n<script type=\"application\/ld+json\" class=\"yoast-schema-graph\">{\"@context\":\"https:\/\/schema.org\",\"@graph\":[{\"@type\":\"WebSite\",\"@id\":\"https:\/\/littleplay.com.mx\/academy\/#website\",\"url\":\"https:\/\/littleplay.com.mx\/academy\/\",\"name\":\"Escuela para padres y cursos en l\\u00ednea de maternidad de estimulaci\\u00f3n temprana para bebes y ni\\u00f1os\",\"description\":\"escuela de maternidad y estimulaci\\u00f3n temprana online, cursos talleres y asesorias en linea\",\"potentialAction\":[{\"@type\":\"SearchAction\",\"target\":\"https:\/\/littleplay.com.mx\/academy\/?s={search_term_string}\",\"query-input\":\"required name=search_term_string\"}],\"inLanguage\":\"es\"},{\"@type\":\"ImageObject\",\"@id\":\"https:\/\/littleplay.com.mx\/academy\/producto\/estrategias-para-favorecer-el-desarrollo-del-lenguaje\/#primaryimage\",\"inLanguage\":\"es\",\"url\":\"https:\/\/littleplay.com.mx\/academy\/wp-content\/uploads\/2023\/08\/Taller-de-Lenguaje-1.jpg\",\"width\":1080,\"height\":1080},{\"@type\":\"WebPage\",\"@id\":\"https:\/\/littleplay.com.mx\/academy\/producto\/estrategias-para-favorecer-el-desarrollo-del-lenguaje\/#webpage\",\"url\":\"https:\/\/littleplay.com.mx\/academy\/producto\/estrategias-para-favorecer-el-desarrollo-del-lenguaje\/\",\"name\":\"Estrateg\\u00edas para Favorecer el Desarrollo del Lenguaje - Escuela para padres y cursos en l\\u00ednea de maternidad de estimulaci\\u00f3n temprana para bebes y ni\\u00f1os\",\"isPartOf\":{\"@id\":\"https:\/\/littleplay.com.mx\/academy\/#website\"},\"primaryImageOfPage\":{\"@id\":\"https:\/\/littleplay.com.mx\/academy\/producto\/estrategias-para-favorecer-el-desarrollo-del-lenguaje\/#primaryimage\"},\"datePublished\":\"2023-08-08T23:25:03+00:00\",\"dateModified\":\"2025-05-05T20:22:39+00:00\",\"breadcrumb\":{\"@id\":\"https:\/\/littleplay.com.mx\/academy\/producto\/estrategias-para-favorecer-el-desarrollo-del-lenguaje\/#breadcrumb\"},\"inLanguage\":\"es\",\"potentialAction\":[{\"@type\":\"ReadAction\",\"target\":[\"https:\/\/littleplay.com.mx\/academy\/producto\/estrategias-para-favorecer-el-desarrollo-del-lenguaje\/\"]}]},{\"@type\":\"BreadcrumbList\",\"@id\":\"https:\/\/littleplay.com.mx\/academy\/producto\/estrategias-para-favorecer-el-desarrollo-del-lenguaje\/#breadcrumb\",\"itemListElement\":[{\"@type\":\"ListItem\",\"position\":1,\"item\":{\"@type\":\"WebPage\",\"@id\":\"https:\/\/littleplay.com.mx\/academy\/\",\"url\":\"https:\/\/littleplay.com.mx\/academy\/\",\"name\":\"Home\"}},{\"@type\":\"ListItem\",\"position\":2,\"item\":{\"@type\":\"WebPage\",\"@id\":\"https:\/\/littleplay.com.mx\/academy\/shop\/\",\"url\":\"https:\/\/littleplay.com.mx\/academy\/shop\/\",\"name\":\"Shop\"}},{\"@type\":\"ListItem\",\"position\":3,\"item\":{\"@type\":\"WebPage\",\"@id\":\"https:\/\/littleplay.com.mx\/academy\/producto\/estrategias-para-favorecer-el-desarrollo-del-lenguaje\/\",\"url\":\"https:\/\/littleplay.com.mx\/academy\/producto\/estrategias-para-favorecer-el-desarrollo-del-lenguaje\/\",\"name\":\"Estrateg\\u00edas para Favorecer el Desarrollo del Lenguaje\"}}]}]}<\/script>\n<!-- \/ Yoast SEO Premium plugin. -->","_links":{"self":[{"href":"https:\/\/littleplay.com.mx\/academy\/wp-json\/wp\/v2\/product\/5142","targetHints":{"allow":["GET"]}}],"collection":[{"href":"https:\/\/littleplay.com.mx\/academy\/wp-json\/wp\/v2\/product"}],"about":[{"href":"https:\/\/littleplay.com.mx\/academy\/wp-json\/wp\/v2\/types\/product"}],"replies":[{"embeddable":true,"href":"https:\/\/littleplay.com.mx\/academy\/wp-json\/wp\/v2\/comments?post=5142"}],"version-history":[{"count":5,"href":"https:\/\/littleplay.com.mx\/academy\/wp-json\/wp\/v2\/product\/5142\/revisions"}],"predecessor-version":[{"id":5980,"href":"https:\/\/littleplay.com.mx\/academy\/wp-json\/wp\/v2\/product\/5142\/revisions\/5980"}],"wp:featuredmedia":[{"embeddable":true,"href":"https:\/\/littleplay.com.mx\/academy\/wp-json\/wp\/v2\/media\/5664"}],"wp:attachment":[{"href":"https:\/\/littleplay.com.mx\/academy\/wp-json\/wp\/v2\/media?parent=5142"}],"wp:term":[{"taxonomy":"product_brand","embeddable":true,"href":"https:\/\/littleplay.com.mx\/academy\/wp-json\/wp\/v2\/product_brand?post=5142"},{"taxonomy":"product_cat","embeddable":true,"href":"https:\/\/littleplay.com.mx\/academy\/wp-json\/wp\/v2\/product_cat?post=5142"},{"taxonomy":"product_tag","embeddable":true,"href":"https:\/\/littleplay.com.mx\/academy\/wp-json\/wp\/v2\/product_tag?post=5142"}],"curies":[{"name":"wp","href":"https:\/\/api.w.org\/{rel}","templated":true}]}}