{"id":5338,"date":"2023-09-24T12:42:47","date_gmt":"2023-09-24T18:42:47","guid":{"rendered":"https:\/\/littleplay.com.mx\/academy\/?post_type=product&#038;p=5338"},"modified":"2025-05-05T14:22:13","modified_gmt":"2025-05-05T20:22:13","slug":"neurodesarrollo-y-estimulacion-temprana","status":"publish","type":"product","link":"https:\/\/littleplay.com.mx\/academy\/producto\/neurodesarrollo-y-estimulacion-temprana\/","title":{"rendered":"Neurodesarrollo y Estimulaci\u00f3n Temprana"},"content":{"rendered":"<p>Taller Online<br \/>\nNeurodesarrollo y Estimulaci\u00f3n Temprana \ud83d\udde3\ud83e\udde0\ud83d\udc96<\/p>\n<p>Dirigido a Terapeutas, Maestros y Padres de familia que est\u00e1n interesados en el desarrollo infantil \ud83d\udd34<\/p>\n<p>\u00bfCua\u0301ndo? \u23f0<\/p>\n<p>&#8211; 100% Grabado<br \/>\n&#8211; Resolucion de dudas v\u00eda WhatsApp<br \/>\n&#8211; Duraci\u00f3n 3 horas<\/p>\n<p>\ud83d\udc49 Contenido<br \/>\n\u2705 \u00bfQue es el Neurodesarrollo?<br \/>\n\u2705 \u00bfQue es la estimaci\u00f3n temprana?<br \/>\n\u2705 Diferencia entre estimulaci\u00f3n e intervenci\u00f3n.<br \/>\n\u2705 Hitos del Desarrollo Infantil.<br \/>\n\u2705 \u00c1reas del desarrollo infantil<br \/>\n\u2705 Inteligencias M\u00faltiples<br \/>\n\u2705 Importancia del juego en la estimulaci\u00f3n temprana<br \/>\n\u2705Estrategias y actividades de apoyo para favorecer el desarrollo integral en ni\u00f1os de 0 a 6 a\u00f1os.<br \/>\n\u2705 Y m\u00e1s&#8230;<\/p>\n<p>INCLUYE<\/p>\n<p>\u2705 Cuadernillo de actividades en PDF descargable.<br \/>\n\u2705 Constancia de participaci\u00f3n digital<br \/>\n\u2705 BONUS: 1 Playlist de canciones.<\/p>\n","protected":false},"excerpt":{"rendered":"<p>Taller Online Neurodesarrollo y Estimulaci\u00f3n Temprana \ud83d\udde3\ud83e\udde0\ud83d\udc96 Dirigido a Terapeutas, Maestros y Padres de familia que est\u00e1n interesados en el desarrollo infantil \ud83d\udd34 \u00bfCua\u0301ndo? \u23f0 &#8211; 100% Grabado &#8211; Resolucion de dudas v\u00eda WhatsApp &#8211; Duraci\u00f3n 3 horas \ud83d\udc49 Contenido \u2705 \u00bfQue es el Neurodesarrollo? \u2705 \u00bfQue es la estimaci\u00f3n temprana? \u2705 Diferencia entre estimulaci\u00f3n [&hellip;]<\/p>\n","protected":false},"featured_media":5736,"comment_status":"open","ping_status":"closed","template":"","meta":{"site-sidebar-layout":"default","site-content-layout":null,"ast-site-content-layout":"","site-content-style":"default","site-sidebar-style":"default","ast-global-header-display":"","ast-banner-title-visibility":"","ast-main-header-display":"","ast-hfb-above-header-display":null,"ast-hfb-below-header-display":null,"ast-hfb-mobile-header-display":"","site-post-title":"","ast-breadcrumbs-content":null,"ast-featured-img":"","footer-sml-layout":"","theme-transparent-header-meta":"default","adv-header-id-meta":"","stick-header-meta":"default","header-above-stick-meta":null,"header-main-stick-meta":"","header-below-stick-meta":null,"astra-migrate-meta-layouts":"default","ast-page-background-enabled":"default","ast-page-background-meta":{"desktop":{"background-color":"","background-image":"","background-repeat":"repeat","background-position":"center center","background-size":"auto","background-attachment":"scroll","background-type":"","background-media":"","overlay-type":"","overlay-color":"","overlay-opacity":"","overlay-gradient":""},"tablet":{"background-color":"","background-image":"","background-repeat":"repeat","background-position":"center center","background-size":"auto","background-attachment":"scroll","background-type":"","background-media":"","overlay-type":"","overlay-color":"","overlay-opacity":"","overlay-gradient":""},"mobile":{"background-color":"","background-image":"","background-repeat":"repeat","background-position":"center center","background-size":"auto","background-attachment":"scroll","background-type":"","background-media":"","overlay-type":"","overlay-color":"","overlay-opacity":"","overlay-gradient":""}},"ast-content-background-meta":{"desktop":{"background-color":"var(--ast-global-color-5)","background-image":"","background-repeat":"repeat","background-position":"center center","background-size":"auto","background-attachment":"scroll","background-type":"","background-media":"","overlay-type":"","overlay-color":"","overlay-opacity":"","overlay-gradient":""},"tablet":{"background-color":"var(--ast-global-color-5)","background-image":"","background-repeat":"repeat","background-position":"center center","background-size":"auto","background-attachment":"scroll","background-type":"","background-media":"","overlay-type":"","overlay-color":"","overlay-opacity":"","overlay-gradient":""},"mobile":{"background-color":"var(--ast-global-color-5)","background-image":"","background-repeat":"repeat","background-position":"center center","background-size":"auto","background-attachment":"scroll","background-type":"","background-media":"","overlay-type":"","overlay-color":"","overlay-opacity":"","overlay-gradient":""}}},"product_brand":[],"product_cat":[216],"product_tag":[327,30,258,319,227],"class_list":{"0":"post-5338","1":"product","2":"type-product","3":"status-publish","4":"has-post-thumbnail","6":"product_cat-workshop","7":"product_tag-curso","8":"product_tag-estimulacion-temprana","9":"product_tag-maestra","10":"product_tag-maestradeeducacionespecial","11":"product_tag-ninos","12":"desktop-align-left","13":"tablet-align-left","14":"mobile-align-left","15":"ast-product-gallery-layout-horizontal-slider","16":"ast-product-gallery-with-no-image","17":"ast-product-tabs-layout-horizontal","19":"first","20":"instock","21":"virtual","22":"purchasable","23":"product-type-simple"},"yoast_head":"<!-- This site is optimized with the Yoast SEO Premium plugin v16.0.2 - https:\/\/yoast.com\/wordpress\/plugins\/seo\/ -->\n<title>Neurodesarrollo y Estimulaci\u00f3n Temprana - Escuela para padres y cursos en l\u00ednea de maternidad de estimulaci\u00f3n temprana para bebes y ni\u00f1os<\/title>\n<link rel=\"canonical\" href=\"https:\/\/littleplay.com.mx\/academy\/producto\/neurodesarrollo-y-estimulacion-temprana\/\" \/>\n<meta property=\"og:locale\" content=\"es_ES\" \/>\n<meta property=\"og:type\" content=\"article\" \/>\n<meta property=\"og:title\" content=\"Neurodesarrollo y Estimulaci\u00f3n Temprana - Escuela para padres y cursos en l\u00ednea de maternidad de estimulaci\u00f3n temprana para bebes y ni\u00f1os\" \/>\n<meta property=\"og:description\" content=\"Taller Online Neurodesarrollo y Estimulaci\u00f3n Temprana \ud83d\udde3\ud83e\udde0\ud83d\udc96 Dirigido a Terapeutas, Maestros y Padres de familia que est\u00e1n interesados en el desarrollo infantil \ud83d\udd34 \u00bfCua\u0301ndo? \u23f0 &#8211; 100% Grabado &#8211; Resolucion de dudas v\u00eda WhatsApp &#8211; Duraci\u00f3n 3 horas \ud83d\udc49 Contenido \u2705 \u00bfQue es el Neurodesarrollo? \u2705 \u00bfQue es la estimaci\u00f3n temprana? \u2705 Diferencia entre estimulaci\u00f3n [&hellip;]\" \/>\n<meta property=\"og:url\" content=\"https:\/\/littleplay.com.mx\/academy\/producto\/neurodesarrollo-y-estimulacion-temprana\/\" \/>\n<meta property=\"og:site_name\" content=\"Escuela para padres y cursos en l\u00ednea de maternidad de estimulaci\u00f3n temprana para bebes y ni\u00f1os\" \/>\n<meta property=\"article:modified_time\" content=\"2025-05-05T20:22:13+00:00\" \/>\n<meta property=\"og:image\" content=\"https:\/\/littleplay.com.mx\/academy\/wp-content\/uploads\/2023\/09\/Zaira-Negrete.jpg\" \/>\n\t<meta property=\"og:image:width\" content=\"1080\" \/>\n\t<meta property=\"og:image:height\" content=\"1080\" \/>\n<meta name=\"twitter:card\" content=\"summary_large_image\" \/>\n<meta name=\"twitter:label1\" content=\"Tiempo de lectura\">\n\t<meta name=\"twitter:data1\" content=\"1 minuto\">\n<script type=\"application\/ld+json\" class=\"yoast-schema-graph\">{\"@context\":\"https:\/\/schema.org\",\"@graph\":[{\"@type\":\"WebSite\",\"@id\":\"https:\/\/littleplay.com.mx\/academy\/#website\",\"url\":\"https:\/\/littleplay.com.mx\/academy\/\",\"name\":\"Escuela para padres y cursos en l\\u00ednea de maternidad de estimulaci\\u00f3n temprana para bebes y ni\\u00f1os\",\"description\":\"escuela de maternidad y estimulaci\\u00f3n temprana online, cursos talleres y asesorias en linea\",\"potentialAction\":[{\"@type\":\"SearchAction\",\"target\":\"https:\/\/littleplay.com.mx\/academy\/?s={search_term_string}\",\"query-input\":\"required name=search_term_string\"}],\"inLanguage\":\"es\"},{\"@type\":\"ImageObject\",\"@id\":\"https:\/\/littleplay.com.mx\/academy\/producto\/neurodesarrollo-y-estimulacion-temprana\/#primaryimage\",\"inLanguage\":\"es\",\"url\":\"https:\/\/littleplay.com.mx\/academy\/wp-content\/uploads\/2023\/09\/Zaira-Negrete.jpg\",\"width\":1080,\"height\":1080},{\"@type\":\"WebPage\",\"@id\":\"https:\/\/littleplay.com.mx\/academy\/producto\/neurodesarrollo-y-estimulacion-temprana\/#webpage\",\"url\":\"https:\/\/littleplay.com.mx\/academy\/producto\/neurodesarrollo-y-estimulacion-temprana\/\",\"name\":\"Neurodesarrollo y Estimulaci\\u00f3n Temprana - Escuela para padres y cursos en l\\u00ednea de maternidad de estimulaci\\u00f3n temprana para bebes y ni\\u00f1os\",\"isPartOf\":{\"@id\":\"https:\/\/littleplay.com.mx\/academy\/#website\"},\"primaryImageOfPage\":{\"@id\":\"https:\/\/littleplay.com.mx\/academy\/producto\/neurodesarrollo-y-estimulacion-temprana\/#primaryimage\"},\"datePublished\":\"2023-09-24T18:42:47+00:00\",\"dateModified\":\"2025-05-05T20:22:13+00:00\",\"breadcrumb\":{\"@id\":\"https:\/\/littleplay.com.mx\/academy\/producto\/neurodesarrollo-y-estimulacion-temprana\/#breadcrumb\"},\"inLanguage\":\"es\",\"potentialAction\":[{\"@type\":\"ReadAction\",\"target\":[\"https:\/\/littleplay.com.mx\/academy\/producto\/neurodesarrollo-y-estimulacion-temprana\/\"]}]},{\"@type\":\"BreadcrumbList\",\"@id\":\"https:\/\/littleplay.com.mx\/academy\/producto\/neurodesarrollo-y-estimulacion-temprana\/#breadcrumb\",\"itemListElement\":[{\"@type\":\"ListItem\",\"position\":1,\"item\":{\"@type\":\"WebPage\",\"@id\":\"https:\/\/littleplay.com.mx\/academy\/\",\"url\":\"https:\/\/littleplay.com.mx\/academy\/\",\"name\":\"Home\"}},{\"@type\":\"ListItem\",\"position\":2,\"item\":{\"@type\":\"WebPage\",\"@id\":\"https:\/\/littleplay.com.mx\/academy\/shop\/\",\"url\":\"https:\/\/littleplay.com.mx\/academy\/shop\/\",\"name\":\"Shop\"}},{\"@type\":\"ListItem\",\"position\":3,\"item\":{\"@type\":\"WebPage\",\"@id\":\"https:\/\/littleplay.com.mx\/academy\/producto\/neurodesarrollo-y-estimulacion-temprana\/\",\"url\":\"https:\/\/littleplay.com.mx\/academy\/producto\/neurodesarrollo-y-estimulacion-temprana\/\",\"name\":\"Neurodesarrollo y Estimulaci\\u00f3n Temprana\"}}]}]}<\/script>\n<!-- \/ Yoast SEO Premium plugin. -->","_links":{"self":[{"href":"https:\/\/littleplay.com.mx\/academy\/wp-json\/wp\/v2\/product\/5338","targetHints":{"allow":["GET"]}}],"collection":[{"href":"https:\/\/littleplay.com.mx\/academy\/wp-json\/wp\/v2\/product"}],"about":[{"href":"https:\/\/littleplay.com.mx\/academy\/wp-json\/wp\/v2\/types\/product"}],"replies":[{"embeddable":true,"href":"https:\/\/littleplay.com.mx\/academy\/wp-json\/wp\/v2\/comments?post=5338"}],"version-history":[{"count":3,"href":"https:\/\/littleplay.com.mx\/academy\/wp-json\/wp\/v2\/product\/5338\/revisions"}],"predecessor-version":[{"id":5915,"href":"https:\/\/littleplay.com.mx\/academy\/wp-json\/wp\/v2\/product\/5338\/revisions\/5915"}],"wp:featuredmedia":[{"embeddable":true,"href":"https:\/\/littleplay.com.mx\/academy\/wp-json\/wp\/v2\/media\/5736"}],"wp:attachment":[{"href":"https:\/\/littleplay.com.mx\/academy\/wp-json\/wp\/v2\/media?parent=5338"}],"wp:term":[{"taxonomy":"product_brand","embeddable":true,"href":"https:\/\/littleplay.com.mx\/academy\/wp-json\/wp\/v2\/product_brand?post=5338"},{"taxonomy":"product_cat","embeddable":true,"href":"https:\/\/littleplay.com.mx\/academy\/wp-json\/wp\/v2\/product_cat?post=5338"},{"taxonomy":"product_tag","embeddable":true,"href":"https:\/\/littleplay.com.mx\/academy\/wp-json\/wp\/v2\/product_tag?post=5338"}],"curies":[{"name":"wp","href":"https:\/\/api.w.org\/{rel}","templated":true}]}}