{"id":5477,"date":"2023-11-09T11:40:12","date_gmt":"2023-11-09T17:40:12","guid":{"rendered":"https:\/\/littleplay.com.mx\/academy\/?post_type=product&#038;p=5477"},"modified":"2023-11-14T20:11:00","modified_gmt":"2023-11-15T02:11:00","slug":"que-hay-en-tu-corazon","status":"publish","type":"product","link":"https:\/\/littleplay.com.mx\/academy\/producto\/que-hay-en-tu-corazon\/","title":{"rendered":"\u00bfQu\u00e9 hay en tu coraz\u00f3n?"},"content":{"rendered":"<p>Descarga e imprime el archivo, una vez hecho, recorta los corazones que se encuentran en la parte inferior de la hoja para propocion\u00e1rselos al ni\u00f1o y pueda identificar las situaciones que le gustan o le provoquen felicidad; una vez elegidas, podr\u00e1 pegarlas en el coraz\u00f3n rojo. No olvides explicarle al ni\u00f1o que las situaciones que ha elegido tienen lugar en su coraz\u00f3n por ser especiales en su vida.<\/p>\n","protected":false},"excerpt":{"rendered":"<p>Favorece el reconocimiento y gesti\u00f3n de las emociones de tu peque\u00f1o, con este descargable podr\u00e1s incrementar su percepci\u00f3n de control sobre aquello que les ocurre.<\/p>\n","protected":false},"featured_media":5469,"comment_status":"open","ping_status":"closed","template":"","meta":{"site-sidebar-layout":"default","site-content-layout":"default","ast-site-content-layout":"","site-content-style":"default","site-sidebar-style":"default","ast-global-header-display":"","ast-banner-title-visibility":"","ast-main-header-display":"","ast-hfb-above-header-display":"","ast-hfb-below-header-display":"","ast-hfb-mobile-header-display":"","site-post-title":"","ast-breadcrumbs-content":"","ast-featured-img":"","footer-sml-layout":"","theme-transparent-header-meta":"default","adv-header-id-meta":"","stick-header-meta":"default","header-above-stick-meta":"","header-main-stick-meta":"","header-below-stick-meta":"","astra-migrate-meta-layouts":"default","ast-page-background-enabled":"default","ast-page-background-meta":{"desktop":{"background-color":"","background-image":"","background-repeat":"repeat","background-position":"center center","background-size":"auto","background-attachment":"scroll","background-type":"","background-media":"","overlay-type":"","overlay-color":"","overlay-opacity":"","overlay-gradient":""},"tablet":{"background-color":"","background-image":"","background-repeat":"repeat","background-position":"center center","background-size":"auto","background-attachment":"scroll","background-type":"","background-media":"","overlay-type":"","overlay-color":"","overlay-opacity":"","overlay-gradient":""},"mobile":{"background-color":"","background-image":"","background-repeat":"repeat","background-position":"center center","background-size":"auto","background-attachment":"scroll","background-type":"","background-media":"","overlay-type":"","overlay-color":"","overlay-opacity":"","overlay-gradient":""}},"ast-content-background-meta":{"desktop":{"background-color":"var(--ast-global-color-5)","background-image":"","background-repeat":"repeat","background-position":"center center","background-size":"auto","background-attachment":"scroll","background-type":"","background-media":"","overlay-type":"","overlay-color":"","overlay-opacity":"","overlay-gradient":""},"tablet":{"background-color":"var(--ast-global-color-5)","background-image":"","background-repeat":"repeat","background-position":"center center","background-size":"auto","background-attachment":"scroll","background-type":"","background-media":"","overlay-type":"","overlay-color":"","overlay-opacity":"","overlay-gradient":""},"mobile":{"background-color":"var(--ast-global-color-5)","background-image":"","background-repeat":"repeat","background-position":"center center","background-size":"auto","background-attachment":"scroll","background-type":"","background-media":"","overlay-type":"","overlay-color":"","overlay-opacity":"","overlay-gradient":""}}},"product_brand":[],"product_cat":[222,221],"product_tag":[228,304,229],"class_list":{"0":"post-5477","1":"product","2":"type-product","3":"status-publish","4":"has-post-thumbnail","6":"product_cat-gratuitos","7":"product_cat-recursos-y-materiales","8":"product_tag-actividades","9":"product_tag-emociones","10":"product_tag-gratis","11":"desktop-align-left","12":"tablet-align-left","13":"mobile-align-left","14":"ast-product-gallery-layout-horizontal-slider","15":"ast-product-gallery-with-no-image","16":"ast-product-tabs-layout-horizontal","18":"first","19":"instock","20":"downloadable","21":"shipping-taxable","22":"purchasable","23":"product-type-simple"},"yoast_head":"<!-- This site is optimized with the Yoast SEO Premium plugin v16.0.2 - https:\/\/yoast.com\/wordpress\/plugins\/seo\/ -->\n<title>\u00bfQu\u00e9 hay en tu coraz\u00f3n? - Escuela para padres y cursos en l\u00ednea de maternidad de estimulaci\u00f3n temprana para bebes y ni\u00f1os<\/title>\n<link rel=\"canonical\" href=\"https:\/\/littleplay.com.mx\/academy\/producto\/que-hay-en-tu-corazon\/\" \/>\n<meta property=\"og:locale\" content=\"es_ES\" \/>\n<meta property=\"og:type\" content=\"article\" \/>\n<meta property=\"og:title\" content=\"\u00bfQu\u00e9 hay en tu coraz\u00f3n? - Escuela para padres y cursos en l\u00ednea de maternidad de estimulaci\u00f3n temprana para bebes y ni\u00f1os\" \/>\n<meta property=\"og:description\" content=\"Favorece el reconocimiento y gesti\u00f3n de las emociones de tu peque\u00f1o, con este descargable podr\u00e1s incrementar su percepci\u00f3n de control sobre aquello que les ocurre.\" \/>\n<meta property=\"og:url\" content=\"https:\/\/littleplay.com.mx\/academy\/producto\/que-hay-en-tu-corazon\/\" \/>\n<meta property=\"og:site_name\" content=\"Escuela para padres y cursos en l\u00ednea de maternidad de estimulaci\u00f3n temprana para bebes y ni\u00f1os\" \/>\n<meta property=\"article:modified_time\" content=\"2023-11-15T02:11:00+00:00\" \/>\n<meta property=\"og:image\" content=\"https:\/\/littleplay.com.mx\/academy\/wp-content\/uploads\/2023\/11\/\u00bfQue-hay-en-tu-corazon.jpg\" \/>\n\t<meta property=\"og:image:width\" content=\"1080\" \/>\n\t<meta property=\"og:image:height\" content=\"1080\" \/>\n<meta name=\"twitter:card\" content=\"summary_large_image\" \/>\n<meta name=\"twitter:label1\" content=\"Tiempo de lectura\">\n\t<meta name=\"twitter:data1\" content=\"1 minuto\">\n<script type=\"application\/ld+json\" class=\"yoast-schema-graph\">{\"@context\":\"https:\/\/schema.org\",\"@graph\":[{\"@type\":\"WebSite\",\"@id\":\"https:\/\/littleplay.com.mx\/academy\/#website\",\"url\":\"https:\/\/littleplay.com.mx\/academy\/\",\"name\":\"Escuela para padres y cursos en l\\u00ednea de maternidad de estimulaci\\u00f3n temprana para bebes y ni\\u00f1os\",\"description\":\"escuela de maternidad y estimulaci\\u00f3n temprana online, cursos talleres y asesorias en linea\",\"potentialAction\":[{\"@type\":\"SearchAction\",\"target\":\"https:\/\/littleplay.com.mx\/academy\/?s={search_term_string}\",\"query-input\":\"required name=search_term_string\"}],\"inLanguage\":\"es\"},{\"@type\":\"ImageObject\",\"@id\":\"https:\/\/littleplay.com.mx\/academy\/producto\/que-hay-en-tu-corazon\/#primaryimage\",\"inLanguage\":\"es\",\"url\":\"https:\/\/littleplay.com.mx\/academy\/wp-content\/uploads\/2023\/11\/\\u00bfQue-hay-en-tu-corazon.jpg\",\"width\":1080,\"height\":1080},{\"@type\":\"WebPage\",\"@id\":\"https:\/\/littleplay.com.mx\/academy\/producto\/que-hay-en-tu-corazon\/#webpage\",\"url\":\"https:\/\/littleplay.com.mx\/academy\/producto\/que-hay-en-tu-corazon\/\",\"name\":\"\\u00bfQu\\u00e9 hay en tu coraz\\u00f3n? - Escuela para padres y cursos en l\\u00ednea de maternidad de estimulaci\\u00f3n temprana para bebes y ni\\u00f1os\",\"isPartOf\":{\"@id\":\"https:\/\/littleplay.com.mx\/academy\/#website\"},\"primaryImageOfPage\":{\"@id\":\"https:\/\/littleplay.com.mx\/academy\/producto\/que-hay-en-tu-corazon\/#primaryimage\"},\"datePublished\":\"2023-11-09T17:40:12+00:00\",\"dateModified\":\"2023-11-15T02:11:00+00:00\",\"breadcrumb\":{\"@id\":\"https:\/\/littleplay.com.mx\/academy\/producto\/que-hay-en-tu-corazon\/#breadcrumb\"},\"inLanguage\":\"es\",\"potentialAction\":[{\"@type\":\"ReadAction\",\"target\":[\"https:\/\/littleplay.com.mx\/academy\/producto\/que-hay-en-tu-corazon\/\"]}]},{\"@type\":\"BreadcrumbList\",\"@id\":\"https:\/\/littleplay.com.mx\/academy\/producto\/que-hay-en-tu-corazon\/#breadcrumb\",\"itemListElement\":[{\"@type\":\"ListItem\",\"position\":1,\"item\":{\"@type\":\"WebPage\",\"@id\":\"https:\/\/littleplay.com.mx\/academy\/\",\"url\":\"https:\/\/littleplay.com.mx\/academy\/\",\"name\":\"Home\"}},{\"@type\":\"ListItem\",\"position\":2,\"item\":{\"@type\":\"WebPage\",\"@id\":\"https:\/\/littleplay.com.mx\/academy\/shop\/\",\"url\":\"https:\/\/littleplay.com.mx\/academy\/shop\/\",\"name\":\"Shop\"}},{\"@type\":\"ListItem\",\"position\":3,\"item\":{\"@type\":\"WebPage\",\"@id\":\"https:\/\/littleplay.com.mx\/academy\/producto\/que-hay-en-tu-corazon\/\",\"url\":\"https:\/\/littleplay.com.mx\/academy\/producto\/que-hay-en-tu-corazon\/\",\"name\":\"\\u00bfQu\\u00e9 hay en tu coraz\\u00f3n?\"}}]}]}<\/script>\n<!-- \/ Yoast SEO Premium plugin. -->","_links":{"self":[{"href":"https:\/\/littleplay.com.mx\/academy\/wp-json\/wp\/v2\/product\/5477","targetHints":{"allow":["GET"]}}],"collection":[{"href":"https:\/\/littleplay.com.mx\/academy\/wp-json\/wp\/v2\/product"}],"about":[{"href":"https:\/\/littleplay.com.mx\/academy\/wp-json\/wp\/v2\/types\/product"}],"replies":[{"embeddable":true,"href":"https:\/\/littleplay.com.mx\/academy\/wp-json\/wp\/v2\/comments?post=5477"}],"version-history":[{"count":1,"href":"https:\/\/littleplay.com.mx\/academy\/wp-json\/wp\/v2\/product\/5477\/revisions"}],"predecessor-version":[{"id":5478,"href":"https:\/\/littleplay.com.mx\/academy\/wp-json\/wp\/v2\/product\/5477\/revisions\/5478"}],"wp:featuredmedia":[{"embeddable":true,"href":"https:\/\/littleplay.com.mx\/academy\/wp-json\/wp\/v2\/media\/5469"}],"wp:attachment":[{"href":"https:\/\/littleplay.com.mx\/academy\/wp-json\/wp\/v2\/media?parent=5477"}],"wp:term":[{"taxonomy":"product_brand","embeddable":true,"href":"https:\/\/littleplay.com.mx\/academy\/wp-json\/wp\/v2\/product_brand?post=5477"},{"taxonomy":"product_cat","embeddable":true,"href":"https:\/\/littleplay.com.mx\/academy\/wp-json\/wp\/v2\/product_cat?post=5477"},{"taxonomy":"product_tag","embeddable":true,"href":"https:\/\/littleplay.com.mx\/academy\/wp-json\/wp\/v2\/product_tag?post=5477"}],"curies":[{"name":"wp","href":"https:\/\/api.w.org\/{rel}","templated":true}]}}