{"id":5581,"date":"2023-12-29T19:07:18","date_gmt":"2023-12-30T01:07:18","guid":{"rendered":"https:\/\/littleplay.com.mx\/academy\/?post_type=product&#038;p=5581"},"modified":"2023-12-29T19:07:18","modified_gmt":"2023-12-30T01:07:18","slug":"cuadernillo-fonema-l","status":"publish","type":"product","link":"https:\/\/littleplay.com.mx\/academy\/producto\/cuadernillo-fonema-l\/","title":{"rendered":"Cuadernillo Fonema \/L\/"},"content":{"rendered":"<p>Al descargar este cuadernillo podr\u00e1s conocer el punto y modo de articulaci\u00f3n del fonema \/l\/. Adem\u00e1s, tendr\u00e1s acceso a una serie de actividades dise\u00f1adas para estimular la producci\u00f3n del sonido; encuentra loter\u00edas, linces, rompecabezas y m\u00e1s&#8230; Sigue las instrucciones que indica cada actividad y acompa\u00f1a a tus peque\u00f1os en su emocionante viaje hacia el dominio del lenguaje.<\/p>\n","protected":false},"excerpt":{"rendered":"<p>La consolidaci\u00f3n de fonemas es un proceso crucial en el desarrollo del lenguaje en los ni\u00f1os. Con nuestro cuadernillo podr\u00e1s favorecer y mejorar la adquisici\u00f3n del fonema \/l\/.<\/p>\n","protected":false},"featured_media":5575,"comment_status":"open","ping_status":"closed","template":"","meta":{"site-sidebar-layout":"default","site-content-layout":"default","ast-site-content-layout":"","site-content-style":"default","site-sidebar-style":"default","ast-global-header-display":"","ast-banner-title-visibility":"","ast-main-header-display":"","ast-hfb-above-header-display":"","ast-hfb-below-header-display":"","ast-hfb-mobile-header-display":"","site-post-title":"","ast-breadcrumbs-content":"","ast-featured-img":"","footer-sml-layout":"","theme-transparent-header-meta":"default","adv-header-id-meta":"","stick-header-meta":"default","header-above-stick-meta":"","header-main-stick-meta":"","header-below-stick-meta":"","astra-migrate-meta-layouts":"default","ast-page-background-enabled":"default","ast-page-background-meta":{"desktop":{"background-color":"","background-image":"","background-repeat":"repeat","background-position":"center center","background-size":"auto","background-attachment":"scroll","background-type":"","background-media":"","overlay-type":"","overlay-color":"","overlay-opacity":"","overlay-gradient":""},"tablet":{"background-color":"","background-image":"","background-repeat":"repeat","background-position":"center center","background-size":"auto","background-attachment":"scroll","background-type":"","background-media":"","overlay-type":"","overlay-color":"","overlay-opacity":"","overlay-gradient":""},"mobile":{"background-color":"","background-image":"","background-repeat":"repeat","background-position":"center center","background-size":"auto","background-attachment":"scroll","background-type":"","background-media":"","overlay-type":"","overlay-color":"","overlay-opacity":"","overlay-gradient":""}},"ast-content-background-meta":{"desktop":{"background-color":"var(--ast-global-color-5)","background-image":"","background-repeat":"repeat","background-position":"center center","background-size":"auto","background-attachment":"scroll","background-type":"","background-media":"","overlay-type":"","overlay-color":"","overlay-opacity":"","overlay-gradient":""},"tablet":{"background-color":"var(--ast-global-color-5)","background-image":"","background-repeat":"repeat","background-position":"center center","background-size":"auto","background-attachment":"scroll","background-type":"","background-media":"","overlay-type":"","overlay-color":"","overlay-opacity":"","overlay-gradient":""},"mobile":{"background-color":"var(--ast-global-color-5)","background-image":"","background-repeat":"repeat","background-position":"center center","background-size":"auto","background-attachment":"scroll","background-type":"","background-media":"","overlay-type":"","overlay-color":"","overlay-opacity":"","overlay-gradient":""}}},"product_brand":[],"product_cat":[224,223,221],"product_tag":[251,295,240,248],"class_list":{"0":"post-5581","1":"product","2":"type-product","3":"status-publish","4":"has-post-thumbnail","6":"product_cat-lenguaje","7":"product_cat-pago","8":"product_cat-recursos-y-materiales","9":"product_tag-actividades-de-lenguaje","10":"product_tag-actividades-ninos","11":"product_tag-aprendizaje","12":"product_tag-descargable","13":"desktop-align-left","14":"tablet-align-left","15":"mobile-align-left","16":"ast-product-gallery-layout-horizontal-slider","17":"ast-product-tabs-layout-horizontal","19":"first","20":"instock","21":"downloadable","22":"shipping-taxable","23":"purchasable","24":"product-type-simple"},"yoast_head":"<!-- This site is optimized with the Yoast SEO Premium plugin v16.0.2 - https:\/\/yoast.com\/wordpress\/plugins\/seo\/ -->\n<title>Cuadernillo Fonema \/L\/ - Escuela para padres y cursos en l\u00ednea de maternidad de estimulaci\u00f3n temprana para bebes y ni\u00f1os<\/title>\n<link rel=\"canonical\" href=\"https:\/\/littleplay.com.mx\/academy\/producto\/cuadernillo-fonema-l\/\" \/>\n<meta property=\"og:locale\" content=\"es_ES\" \/>\n<meta property=\"og:type\" content=\"article\" \/>\n<meta property=\"og:title\" content=\"Cuadernillo Fonema \/L\/ - Escuela para padres y cursos en l\u00ednea de maternidad de estimulaci\u00f3n temprana para bebes y ni\u00f1os\" \/>\n<meta property=\"og:description\" content=\"La consolidaci\u00f3n de fonemas es un proceso crucial en el desarrollo del lenguaje en los ni\u00f1os. Con nuestro cuadernillo podr\u00e1s favorecer y mejorar la adquisici\u00f3n del fonema \/l\/.\" \/>\n<meta property=\"og:url\" content=\"https:\/\/littleplay.com.mx\/academy\/producto\/cuadernillo-fonema-l\/\" \/>\n<meta property=\"og:site_name\" content=\"Escuela para padres y cursos en l\u00ednea de maternidad de estimulaci\u00f3n temprana para bebes y ni\u00f1os\" \/>\n<meta property=\"og:image\" content=\"https:\/\/littleplay.com.mx\/academy\/wp-content\/uploads\/2023\/12\/1-1.jpg\" \/>\n\t<meta property=\"og:image:width\" content=\"1080\" \/>\n\t<meta property=\"og:image:height\" content=\"1080\" \/>\n<meta name=\"twitter:card\" content=\"summary_large_image\" \/>\n<meta name=\"twitter:label1\" content=\"Tiempo de lectura\">\n\t<meta name=\"twitter:data1\" content=\"1 minuto\">\n<script type=\"application\/ld+json\" class=\"yoast-schema-graph\">{\"@context\":\"https:\/\/schema.org\",\"@graph\":[{\"@type\":\"WebSite\",\"@id\":\"https:\/\/littleplay.com.mx\/academy\/#website\",\"url\":\"https:\/\/littleplay.com.mx\/academy\/\",\"name\":\"Escuela para padres y cursos en l\\u00ednea de maternidad de estimulaci\\u00f3n temprana para bebes y ni\\u00f1os\",\"description\":\"escuela de maternidad y estimulaci\\u00f3n temprana online, cursos talleres y asesorias en linea\",\"potentialAction\":[{\"@type\":\"SearchAction\",\"target\":\"https:\/\/littleplay.com.mx\/academy\/?s={search_term_string}\",\"query-input\":\"required name=search_term_string\"}],\"inLanguage\":\"es\"},{\"@type\":\"ImageObject\",\"@id\":\"https:\/\/littleplay.com.mx\/academy\/producto\/cuadernillo-fonema-l\/#primaryimage\",\"inLanguage\":\"es\",\"url\":\"https:\/\/littleplay.com.mx\/academy\/wp-content\/uploads\/2023\/12\/1-1.jpg\",\"width\":1080,\"height\":1080},{\"@type\":\"WebPage\",\"@id\":\"https:\/\/littleplay.com.mx\/academy\/producto\/cuadernillo-fonema-l\/#webpage\",\"url\":\"https:\/\/littleplay.com.mx\/academy\/producto\/cuadernillo-fonema-l\/\",\"name\":\"Cuadernillo Fonema \/L\/ - Escuela para padres y cursos en l\\u00ednea de maternidad de estimulaci\\u00f3n temprana para bebes y ni\\u00f1os\",\"isPartOf\":{\"@id\":\"https:\/\/littleplay.com.mx\/academy\/#website\"},\"primaryImageOfPage\":{\"@id\":\"https:\/\/littleplay.com.mx\/academy\/producto\/cuadernillo-fonema-l\/#primaryimage\"},\"datePublished\":\"2023-12-30T01:07:18+00:00\",\"dateModified\":\"2023-12-30T01:07:18+00:00\",\"breadcrumb\":{\"@id\":\"https:\/\/littleplay.com.mx\/academy\/producto\/cuadernillo-fonema-l\/#breadcrumb\"},\"inLanguage\":\"es\",\"potentialAction\":[{\"@type\":\"ReadAction\",\"target\":[\"https:\/\/littleplay.com.mx\/academy\/producto\/cuadernillo-fonema-l\/\"]}]},{\"@type\":\"BreadcrumbList\",\"@id\":\"https:\/\/littleplay.com.mx\/academy\/producto\/cuadernillo-fonema-l\/#breadcrumb\",\"itemListElement\":[{\"@type\":\"ListItem\",\"position\":1,\"item\":{\"@type\":\"WebPage\",\"@id\":\"https:\/\/littleplay.com.mx\/academy\/\",\"url\":\"https:\/\/littleplay.com.mx\/academy\/\",\"name\":\"Home\"}},{\"@type\":\"ListItem\",\"position\":2,\"item\":{\"@type\":\"WebPage\",\"@id\":\"https:\/\/littleplay.com.mx\/academy\/shop\/\",\"url\":\"https:\/\/littleplay.com.mx\/academy\/shop\/\",\"name\":\"Shop\"}},{\"@type\":\"ListItem\",\"position\":3,\"item\":{\"@type\":\"WebPage\",\"@id\":\"https:\/\/littleplay.com.mx\/academy\/producto\/cuadernillo-fonema-l\/\",\"url\":\"https:\/\/littleplay.com.mx\/academy\/producto\/cuadernillo-fonema-l\/\",\"name\":\"Cuadernillo Fonema \/L\/\"}}]}]}<\/script>\n<!-- \/ Yoast SEO Premium plugin. -->","_links":{"self":[{"href":"https:\/\/littleplay.com.mx\/academy\/wp-json\/wp\/v2\/product\/5581","targetHints":{"allow":["GET"]}}],"collection":[{"href":"https:\/\/littleplay.com.mx\/academy\/wp-json\/wp\/v2\/product"}],"about":[{"href":"https:\/\/littleplay.com.mx\/academy\/wp-json\/wp\/v2\/types\/product"}],"replies":[{"embeddable":true,"href":"https:\/\/littleplay.com.mx\/academy\/wp-json\/wp\/v2\/comments?post=5581"}],"version-history":[{"count":1,"href":"https:\/\/littleplay.com.mx\/academy\/wp-json\/wp\/v2\/product\/5581\/revisions"}],"predecessor-version":[{"id":5582,"href":"https:\/\/littleplay.com.mx\/academy\/wp-json\/wp\/v2\/product\/5581\/revisions\/5582"}],"wp:featuredmedia":[{"embeddable":true,"href":"https:\/\/littleplay.com.mx\/academy\/wp-json\/wp\/v2\/media\/5575"}],"wp:attachment":[{"href":"https:\/\/littleplay.com.mx\/academy\/wp-json\/wp\/v2\/media?parent=5581"}],"wp:term":[{"taxonomy":"product_brand","embeddable":true,"href":"https:\/\/littleplay.com.mx\/academy\/wp-json\/wp\/v2\/product_brand?post=5581"},{"taxonomy":"product_cat","embeddable":true,"href":"https:\/\/littleplay.com.mx\/academy\/wp-json\/wp\/v2\/product_cat?post=5581"},{"taxonomy":"product_tag","embeddable":true,"href":"https:\/\/littleplay.com.mx\/academy\/wp-json\/wp\/v2\/product_tag?post=5581"}],"curies":[{"name":"wp","href":"https:\/\/api.w.org\/{rel}","templated":true}]}}